{"id":111937,"date":"2023-08-14T11:46:31","date_gmt":"2023-08-14T09:46:31","guid":{"rendered":"https:\/\/www.sport4club.be\/?post_type=product&#038;p=111937"},"modified":"2026-01-24T14:43:52","modified_gmt":"2026-01-24T13:43:52","slug":"nox-padel-bag-pro-series-maroon-camel-23","status":"publish","type":"product","link":"https:\/\/www.sport4club.be\/index.php\/product\/nox-padel-bag-pro-series-maroon-camel-23\/","title":{"rendered":"Nox Padel Bag pro Series Maroon Camel"},"content":{"rendered":"<p>Sac de padel de haute qualit\u00e9 de couleur marron camel. Avec un compartiment thermique pour prot\u00e9ger vos raquettes, compartiments multiples et poches, y compris rangement pour chaussures et sac pour v\u00eatements sales. Une ergonomie soign\u00e9e pour transporter tout ce dont vous avez besoin dans vos matchs et tournois.<\/p>\n<div>\n<div>\n<div>Caract\u00e9ristiques :<\/div>\n<ul>\n<li>Compartiment NOX ThermoTech (thermique) \u00e0 ouverture lat\u00e9rale : 2 raquettes de padel, bouteilles&#8230;.<\/li>\n<li>Pochette ventil\u00e9e pour chaussures.<\/li>\n<li>Sac \u00e0 linge (sac \u00e0 linge)<\/li>\n<li>Deux poches lat\u00e9rales.<\/li>\n<li>Pochette pour carte club, portefeuille, cl\u00e9s, etc&#8230;.<\/li>\n<li>Poches int\u00e9rieures et fermeture \u00e0 glissi\u00e8re int\u00e9rieure<\/li>\n<li>Fonction sac \u00e0 dos ; les poign\u00e9es peuvent \u00eatre enlev\u00e9es.<\/li>\n<li>Poign\u00e9e principale ergonomique<\/li>\n<\/ul>\n<div><strong>Dimensions:<\/strong>\u00a065,5 x 30 x 35 cm.<\/div>\n<\/div>\n<\/div>\n<div><strong>Capacit\u00e9:\u00a0\u00a0<\/strong>38 Litres.<\/div>\n","protected":false},"excerpt":{"rendered":"<p>Sac de padel de haute qualit\u00e9 de couleur marron camel. Avec un compartiment thermique pour prot\u00e9ger vos raquettes, compartiments multiples et poches, y compris rangement pour chaussures et sac pour v\u00eatements sales. Une ergonomie soign\u00e9e pour transporter tout ce dont vous avez besoin dans vos matchs et tournois. Caract\u00e9ristiques : Compartiment NOX ThermoTech (thermique) \u00e0 [&hellip;]<\/p>\n","protected":false},"featured_media":111938,"comment_status":"open","ping_status":"closed","template":"","meta":[],"product_cat":[89],"product_tag":[],"_links":{"self":[{"href":"https:\/\/www.sport4club.be\/index.php\/wp-json\/wp\/v2\/product\/111937"}],"collection":[{"href":"https:\/\/www.sport4club.be\/index.php\/wp-json\/wp\/v2\/product"}],"about":[{"href":"https:\/\/www.sport4club.be\/index.php\/wp-json\/wp\/v2\/types\/product"}],"replies":[{"embeddable":true,"href":"https:\/\/www.sport4club.be\/index.php\/wp-json\/wp\/v2\/comments?post=111937"}],"wp:featuredmedia":[{"embeddable":true,"href":"https:\/\/www.sport4club.be\/index.php\/wp-json\/wp\/v2\/media\/111938"}],"wp:attachment":[{"href":"https:\/\/www.sport4club.be\/index.php\/wp-json\/wp\/v2\/media?parent=111937"}],"wp:term":[{"taxonomy":"product_cat","embeddable":true,"href":"https:\/\/www.sport4club.be\/index.php\/wp-json\/wp\/v2\/product_cat?post=111937"},{"taxonomy":"product_tag","embeddable":true,"href":"https:\/\/www.sport4club.be\/index.php\/wp-json\/wp\/v2\/product_tag?post=111937"}],"curies":[{"name":"wp","href":"https:\/\/api.w.org\/{rel}","templated":true}]}}