{"id":111916,"date":"2023-08-14T11:19:45","date_gmt":"2023-08-14T09:19:45","guid":{"rendered":"https:\/\/www.sport4club.be\/?post_type=product&#038;p=111916"},"modified":"2026-01-24T14:46:14","modified_gmt":"2026-01-24T13:46:14","slug":"nox-backpack-pro-series-black-23","status":"publish","type":"product","link":"https:\/\/www.sport4club.be\/index.php\/product\/nox-backpack-pro-series-black-23\/","title":{"rendered":"Nox Backpack Pro Series Black"},"content":{"rendered":"<div>\n<p>Pr\u00e9sentation de la derni\u00e8re version du\u00a0<strong>sac \u00e0 dos Nox Pro Series 2023<\/strong>\u00a0, con\u00e7u en tenant compte de vos besoins et de votre style de vie actif.<\/p>\n<p>M\u00e9ticuleusement con\u00e7u avec des mat\u00e9riaux de premi\u00e8re qualit\u00e9, notre sac \u00e0 dos allie parfaitement fonctionnalit\u00e9 et style en un seul produit.\u00a0Sa conception spacieuse et bien organis\u00e9e vous permet de transporter tout ce dont vous avez besoin, de votre ordinateur portable et de vos livres \u00e0 votre \u00e9quipement de padel complet, y compris les raquettes, les chaussures, l&#8217;\u00e9quipement et les accessoires.<\/p>\n<p><strong>Caract\u00e9ristiques:<\/strong><\/p>\n<ul>\n<li>Compartiment principal #1 : Con\u00e7u pour votre raquette ou votre ordinateur, il poss\u00e8de une doublure matelass\u00e9e qui garantit une protection maximale.<\/li>\n<li>Compartiment principal #2 : Espace d\u00e9di\u00e9 pour votre raquette, votre \u00e9quipement et vos accessoires.<\/li>\n<li>Compartiment lat\u00e9ral ind\u00e9pendant pour les chaussures : Il int\u00e8gre un syst\u00e8me d&#8217;a\u00e9ration qui garde vos chaussures fra\u00eeches et a\u00e9r\u00e9es.<\/li>\n<li>Poche frontale : Id\u00e9ale pour vos accessoires tels que cl\u00e9s, portefeuille, carte club, etc.<\/li>\n<li>Poche filet lat\u00e9rale : Id\u00e9ale pour transporter une bo\u00eete de balles ou une bouteille d&#8217;eau.<\/li>\n<li>Bretelles et dos rembourr\u00e9s : Offrent un plus grand confort lors de l&#8217;utilisation.<\/li>\n<li>Textiles ergonomiques : optimis\u00e9s pour offrir une adh\u00e9rence optimale et une circulation d&#8217;air ad\u00e9quate.<\/li>\n<\/ul>\n<p>Avec ce sac \u00e0 dos, vous aurez tout ce dont vous avez besoin \u00e0 port\u00e9e de main, vous permettant de profiter d&#8217;une exp\u00e9rience compl\u00e8te.\u00a0Ne manquez pas cette occasion d&#8217;obtenir le v\u00f4tre et de faire passer votre jeu au niveau sup\u00e9rieur.<\/p>\n<\/div>\n<div><\/div>\n","protected":false},"excerpt":{"rendered":"<p>Pr\u00e9sentation de la derni\u00e8re version du\u00a0sac \u00e0 dos Nox Pro Series 2023\u00a0, con\u00e7u en tenant compte de vos besoins et de votre style de vie actif. M\u00e9ticuleusement con\u00e7u avec des mat\u00e9riaux de premi\u00e8re qualit\u00e9, notre sac \u00e0 dos allie parfaitement fonctionnalit\u00e9 et style en un seul produit.\u00a0Sa conception spacieuse et bien organis\u00e9e vous permet de [&hellip;]<\/p>\n","protected":false},"featured_media":111917,"comment_status":"open","ping_status":"closed","template":"","meta":[],"product_cat":[786,89],"product_tag":[],"_links":{"self":[{"href":"https:\/\/www.sport4club.be\/index.php\/wp-json\/wp\/v2\/product\/111916"}],"collection":[{"href":"https:\/\/www.sport4club.be\/index.php\/wp-json\/wp\/v2\/product"}],"about":[{"href":"https:\/\/www.sport4club.be\/index.php\/wp-json\/wp\/v2\/types\/product"}],"replies":[{"embeddable":true,"href":"https:\/\/www.sport4club.be\/index.php\/wp-json\/wp\/v2\/comments?post=111916"}],"wp:featuredmedia":[{"embeddable":true,"href":"https:\/\/www.sport4club.be\/index.php\/wp-json\/wp\/v2\/media\/111917"}],"wp:attachment":[{"href":"https:\/\/www.sport4club.be\/index.php\/wp-json\/wp\/v2\/media?parent=111916"}],"wp:term":[{"taxonomy":"product_cat","embeddable":true,"href":"https:\/\/www.sport4club.be\/index.php\/wp-json\/wp\/v2\/product_cat?post=111916"},{"taxonomy":"product_tag","embeddable":true,"href":"https:\/\/www.sport4club.be\/index.php\/wp-json\/wp\/v2\/product_tag?post=111916"}],"curies":[{"name":"wp","href":"https:\/\/api.w.org\/{rel}","templated":true}]}}