{"id":111852,"date":"2023-07-22T17:31:46","date_gmt":"2023-07-22T15:31:46","guid":{"rendered":"https:\/\/www.sport4club.be\/?post_type=product&#038;p=111852"},"modified":"2024-07-07T14:37:11","modified_gmt":"2024-07-07T12:37:11","slug":"wilson-shift-99-pro-v1-0-315gr","status":"publish","type":"product","link":"https:\/\/www.sport4club.be\/index.php\/product\/wilson-shift-99-pro-v1-0-315gr\/","title":{"rendered":"Wilson Shift 99 Pro V1.0 (315gr)"},"content":{"rendered":"<p>La<strong>\u00a0Wilson Shift 99 Pro V1\u00a0<\/strong>est une raquette d\u00e9velopp\u00e9e pour apporter du lift ainsi qu&#8217;un dosage pr\u00e9cis entre puissance et contr\u00f4le. Dot\u00e9e d&#8217;une bonne polyvalence, elle s&#8217;adresse aux joueurs souhaitant exploiter pleinement leur potentiel de jeu en g\u00e9n\u00e9rant des effets d\u00e9vastateurs. Avec un\u00a0<strong>tamis de 639 cm2<\/strong>\u00a0ainsi qu&#8217;un\u00a0<strong>plan de cordage 16&#215;20<\/strong>, elle optimise le contr\u00f4le pour des trajectoires lift\u00e9es maitris\u00e9es. L&#8217;\u00e9quilibre bas de 31,5 cm permettra une bonne maniabilit\u00e9 du cadre.<\/p>\n<p>Cette gamme Wilson Shift se positionne entre la gamme Wilson Blade (qui offre plus de contr\u00f4le) et la gamme Wilson Clash (qui offre plus de puissance).<\/p>\n<p>Cette\u00a0<strong>Wilson Shift 99 Pro V1\u00a0<\/strong>conviendra particuli\u00e8rement aux comp\u00e9titeurs en recherche d&#8217;une\u00a0<strong>raquette polyvalente et stable<\/strong>\u00a0qui offre un bon \u00e9quilibre entre puissance et pr\u00e9cision.<\/p>\n","protected":false},"excerpt":{"rendered":"<p>La\u00a0Wilson Shift 99 Pro V1\u00a0est une raquette d\u00e9velopp\u00e9e pour apporter du lift ainsi qu&#8217;un dosage pr\u00e9cis entre puissance et contr\u00f4le. Dot\u00e9e d&#8217;une bonne polyvalence, elle s&#8217;adresse aux joueurs souhaitant exploiter pleinement leur potentiel de jeu en g\u00e9n\u00e9rant des effets d\u00e9vastateurs. Avec un\u00a0tamis de 639 cm2\u00a0ainsi qu&#8217;un\u00a0plan de cordage 16&#215;20, elle optimise le contr\u00f4le pour des [&hellip;]<\/p>\n","protected":false},"featured_media":111853,"comment_status":"open","ping_status":"closed","template":"","meta":[],"product_cat":[145,786],"product_tag":[],"_links":{"self":[{"href":"https:\/\/www.sport4club.be\/index.php\/wp-json\/wp\/v2\/product\/111852"}],"collection":[{"href":"https:\/\/www.sport4club.be\/index.php\/wp-json\/wp\/v2\/product"}],"about":[{"href":"https:\/\/www.sport4club.be\/index.php\/wp-json\/wp\/v2\/types\/product"}],"replies":[{"embeddable":true,"href":"https:\/\/www.sport4club.be\/index.php\/wp-json\/wp\/v2\/comments?post=111852"}],"wp:featuredmedia":[{"embeddable":true,"href":"https:\/\/www.sport4club.be\/index.php\/wp-json\/wp\/v2\/media\/111853"}],"wp:attachment":[{"href":"https:\/\/www.sport4club.be\/index.php\/wp-json\/wp\/v2\/media?parent=111852"}],"wp:term":[{"taxonomy":"product_cat","embeddable":true,"href":"https:\/\/www.sport4club.be\/index.php\/wp-json\/wp\/v2\/product_cat?post=111852"},{"taxonomy":"product_tag","embeddable":true,"href":"https:\/\/www.sport4club.be\/index.php\/wp-json\/wp\/v2\/product_tag?post=111852"}],"curies":[{"name":"wp","href":"https:\/\/api.w.org\/{rel}","templated":true}]}}