{"id":111842,"date":"2023-07-22T16:08:48","date_gmt":"2023-07-22T14:08:48","guid":{"rendered":"https:\/\/www.sport4club.be\/?post_type=product&#038;p=111842"},"modified":"2024-07-07T14:33:33","modified_gmt":"2024-07-07T12:33:33","slug":"wilson-pro-staff-team-v14-0-280gr","status":"publish","type":"product","link":"https:\/\/www.sport4club.be\/index.php\/product\/wilson-pro-staff-team-v14-0-280gr\/","title":{"rendered":"Wilson Pro Staff Team V14.0 (280gr)"},"content":{"rendered":"<p>La raquette\u00a0<strong>Wilson Pro Staff Team V14.0<\/strong>\u00a0arbore un design sobre et classe. Sa peinture iridescente bronze aux reflets bruns vous donnera un style incomparable pendant les matchs.<\/p>\n<p>Contrairement aux autres mod\u00e8les, elle dispose d&#8217;un tamis de\u00a0<strong>645cm\u00b2<\/strong>\u00a0qui offrira le meilleur compromis entre contr\u00f4le et puissance. Son poids de\u00a0<strong>280 grammes<\/strong>\u00a0coupl\u00e9 \u00e0 un\u00a0<strong>\u00e9quilibre de 32,5 cm<\/strong>\u00a0offre une tr\u00e8s bonne maniabilit\u00e9 pour les joueurs de fond de court. Son plan de cordage\u00a0<strong>16&#215;19<\/strong>\u00a0procure une bonne accessibilit\u00e9 aux effets pour dominer les \u00e9changes.<\/p>\n<p>Cette raquette est id\u00e9ale pour les joueurs en recherche de contr\u00f4le, de pr\u00e9cision mais aussi de maniabilit\u00e9. Il s&#8217;agit du mod\u00e8le le plus polyvalent parmi la gamme Pro Staff.<\/p>\n","protected":false},"excerpt":{"rendered":"<p>La raquette\u00a0Wilson Pro Staff Team V14.0\u00a0arbore un design sobre et classe. Sa peinture iridescente bronze aux reflets bruns vous donnera un style incomparable pendant les matchs. Contrairement aux autres mod\u00e8les, elle dispose d&#8217;un tamis de\u00a0645cm\u00b2\u00a0qui offrira le meilleur compromis entre contr\u00f4le et puissance. Son poids de\u00a0280 grammes\u00a0coupl\u00e9 \u00e0 un\u00a0\u00e9quilibre de 32,5 cm\u00a0offre une tr\u00e8s bonne [&hellip;]<\/p>\n","protected":false},"featured_media":111843,"comment_status":"open","ping_status":"closed","template":"","meta":[],"product_cat":[145,786],"product_tag":[],"_links":{"self":[{"href":"https:\/\/www.sport4club.be\/index.php\/wp-json\/wp\/v2\/product\/111842"}],"collection":[{"href":"https:\/\/www.sport4club.be\/index.php\/wp-json\/wp\/v2\/product"}],"about":[{"href":"https:\/\/www.sport4club.be\/index.php\/wp-json\/wp\/v2\/types\/product"}],"replies":[{"embeddable":true,"href":"https:\/\/www.sport4club.be\/index.php\/wp-json\/wp\/v2\/comments?post=111842"}],"wp:featuredmedia":[{"embeddable":true,"href":"https:\/\/www.sport4club.be\/index.php\/wp-json\/wp\/v2\/media\/111843"}],"wp:attachment":[{"href":"https:\/\/www.sport4club.be\/index.php\/wp-json\/wp\/v2\/media?parent=111842"}],"wp:term":[{"taxonomy":"product_cat","embeddable":true,"href":"https:\/\/www.sport4club.be\/index.php\/wp-json\/wp\/v2\/product_cat?post=111842"},{"taxonomy":"product_tag","embeddable":true,"href":"https:\/\/www.sport4club.be\/index.php\/wp-json\/wp\/v2\/product_tag?post=111842"}],"curies":[{"name":"wp","href":"https:\/\/api.w.org\/{rel}","templated":true}]}}