{"id":111835,"date":"2023-07-22T15:57:33","date_gmt":"2023-07-22T13:57:33","guid":{"rendered":"https:\/\/www.sport4club.be\/?post_type=product&#038;p=111835"},"modified":"2024-07-07T14:30:12","modified_gmt":"2024-07-07T12:30:12","slug":"wilson-pro-staff-97l-v14-0-290gr","status":"publish","type":"product","link":"https:\/\/www.sport4club.be\/index.php\/product\/wilson-pro-staff-97l-v14-0-290gr\/","title":{"rendered":"Wilson Pro Staff 97L V14.0 (290gr)"},"content":{"rendered":"<p>La nouvelle raquette\u00a0<strong>Wilson Pro Staff 97L V14.0<\/strong>\u00a0arbore le nouveau design minimaliste et iridescent de Wilson. Le bronze affiche des reflets du brun jusqu&#8217;au bordeaux en fonction de la lumi\u00e8re pour un style unique sur les courts.<\/p>\n<p>Plus l\u00e9ger et plus maniable que la version classique avec ses\u00a0<strong>290 grammes<\/strong>\u00a0(raquette non cord\u00e9e)<em>,\u00a0<\/em>ce mod\u00e8le est con\u00e7u pour les joueurs \u00e0 la recherche des sensations de la gamme tout en profitant d&#8217;une inertie plus basse. Cette raquette de tennis poss\u00e8de le tamis classique de\u00a0<strong>626cm\u00b2<\/strong>\u00a0qui offre un grand contr\u00f4le alli\u00e9 \u00e0 un \u00e9quilibre de\u00a0<strong>32,5cm<\/strong>\u00a0pour une tr\u00e8s bonne maniabilit\u00e9. Le plan de cordage en 16&#215;19 assez dense apporte plus de peps qu&#8217;un 18&#215;20, mais plus de contr\u00f4le qu&#8217;un 16&#215;19 classique.<\/p>\n<p>Cette raquette convient aux joueurs qui aiment prendre le contr\u00f4le du jeu en variant les prises de balle t\u00f4t, les acc\u00e9l\u00e9rations et les mont\u00e9es au filet. Cependant, pour en tirer le meilleur parti, il est pr\u00e9f\u00e9rable d&#8217;avoir un niveau de jeu interm\u00e9diaire \u00e0 expert. Si vous poss\u00e9dez ce niveau de jeu, vous pourrez exploiter pleinement les capacit\u00e9s de cette raquette.<\/p>\n","protected":false},"excerpt":{"rendered":"<p>La nouvelle raquette\u00a0Wilson Pro Staff 97L V14.0\u00a0arbore le nouveau design minimaliste et iridescent de Wilson. Le bronze affiche des reflets du brun jusqu&#8217;au bordeaux en fonction de la lumi\u00e8re pour un style unique sur les courts. Plus l\u00e9ger et plus maniable que la version classique avec ses\u00a0290 grammes\u00a0(raquette non cord\u00e9e),\u00a0ce mod\u00e8le est con\u00e7u pour les [&hellip;]<\/p>\n","protected":false},"featured_media":111836,"comment_status":"open","ping_status":"closed","template":"","meta":[],"product_cat":[145,786],"product_tag":[],"_links":{"self":[{"href":"https:\/\/www.sport4club.be\/index.php\/wp-json\/wp\/v2\/product\/111835"}],"collection":[{"href":"https:\/\/www.sport4club.be\/index.php\/wp-json\/wp\/v2\/product"}],"about":[{"href":"https:\/\/www.sport4club.be\/index.php\/wp-json\/wp\/v2\/types\/product"}],"replies":[{"embeddable":true,"href":"https:\/\/www.sport4club.be\/index.php\/wp-json\/wp\/v2\/comments?post=111835"}],"wp:featuredmedia":[{"embeddable":true,"href":"https:\/\/www.sport4club.be\/index.php\/wp-json\/wp\/v2\/media\/111836"}],"wp:attachment":[{"href":"https:\/\/www.sport4club.be\/index.php\/wp-json\/wp\/v2\/media?parent=111835"}],"wp:term":[{"taxonomy":"product_cat","embeddable":true,"href":"https:\/\/www.sport4club.be\/index.php\/wp-json\/wp\/v2\/product_cat?post=111835"},{"taxonomy":"product_tag","embeddable":true,"href":"https:\/\/www.sport4club.be\/index.php\/wp-json\/wp\/v2\/product_tag?post=111835"}],"curies":[{"name":"wp","href":"https:\/\/api.w.org\/{rel}","templated":true}]}}