{"id":111793,"date":"2023-07-22T13:30:25","date_gmt":"2023-07-22T11:30:25","guid":{"rendered":"https:\/\/www.sport4club.be\/?post_type=product&#038;p=111793"},"modified":"2023-07-22T13:38:06","modified_gmt":"2023-07-22T11:38:06","slug":"tecnifibre-tempo-265-265gr","status":"publish","type":"product","link":"https:\/\/www.sport4club.be\/index.php\/product\/tecnifibre-tempo-265-265gr\/","title":{"rendered":"Tecnifibre Tempo 265 (265gr)"},"content":{"rendered":"<p>Adoptez le style d&#8217;Iga Swiatek avec la raquette Tempo 265 et son look moderne et f\u00e9minin. Cette raquette, livr\u00e9e cord\u00e9e avec une housse de protection, est accessible et facile \u00e0 jouer.<\/p>\n<p>Elle est con\u00e7ue pour les joueuses de club \u00e0 la recherche de maniabilit\u00e9 et de puissance. La longueur est optimis\u00e9e pour pouvoir acc\u00e9l\u00e9rer facilement la t\u00eate de raquette. Son plan de cordage 16&#215;19 et son tamis de 660cm\u00b2 apportent puissance et tol\u00e9rance sur les coups d\u00e9centr\u00e9s.<\/p>\n<p>Cette raquette convient aux femmes d&#8217;un niveau d\u00e9butant et interm\u00e9diaire, comme aux jeunes comp\u00e9titrices passant sur un cadre adulte.<\/p>\n","protected":false},"excerpt":{"rendered":"<p>Adoptez le style d&#8217;Iga Swiatek avec la raquette Tempo 265 et son look moderne et f\u00e9minin. Cette raquette, livr\u00e9e cord\u00e9e avec une housse de protection, est accessible et facile \u00e0 jouer. Elle est con\u00e7ue pour les joueuses de club \u00e0 la recherche de maniabilit\u00e9 et de puissance. La longueur est optimis\u00e9e pour pouvoir acc\u00e9l\u00e9rer facilement [&hellip;]<\/p>\n","protected":false},"featured_media":111794,"comment_status":"open","ping_status":"closed","template":"","meta":[],"product_cat":[145],"product_tag":[],"_links":{"self":[{"href":"https:\/\/www.sport4club.be\/index.php\/wp-json\/wp\/v2\/product\/111793"}],"collection":[{"href":"https:\/\/www.sport4club.be\/index.php\/wp-json\/wp\/v2\/product"}],"about":[{"href":"https:\/\/www.sport4club.be\/index.php\/wp-json\/wp\/v2\/types\/product"}],"replies":[{"embeddable":true,"href":"https:\/\/www.sport4club.be\/index.php\/wp-json\/wp\/v2\/comments?post=111793"}],"wp:featuredmedia":[{"embeddable":true,"href":"https:\/\/www.sport4club.be\/index.php\/wp-json\/wp\/v2\/media\/111794"}],"wp:attachment":[{"href":"https:\/\/www.sport4club.be\/index.php\/wp-json\/wp\/v2\/media?parent=111793"}],"wp:term":[{"taxonomy":"product_cat","embeddable":true,"href":"https:\/\/www.sport4club.be\/index.php\/wp-json\/wp\/v2\/product_cat?post=111793"},{"taxonomy":"product_tag","embeddable":true,"href":"https:\/\/www.sport4club.be\/index.php\/wp-json\/wp\/v2\/product_tag?post=111793"}],"curies":[{"name":"wp","href":"https:\/\/api.w.org\/{rel}","templated":true}]}}