{"id":111778,"date":"2023-07-22T12:48:48","date_gmt":"2023-07-22T10:48:48","guid":{"rendered":"https:\/\/www.sport4club.be\/?post_type=product&#038;p=111778"},"modified":"2024-02-10T11:58:17","modified_gmt":"2024-02-10T10:58:17","slug":"prince-vortex-100-300gr","status":"publish","type":"product","link":"https:\/\/www.sport4club.be\/index.php\/product\/prince-vortex-100-300gr\/","title":{"rendered":"Prince Vortex 100 (300gr)"},"content":{"rendered":"<p>D\u00e9couvrez la nouvelle gamme de raquettes Prince Vortex ! Les cadres sont con\u00e7us pour apporter prise d&#8217;effet et puissance sans sacrifier le toucher de balle. Ses raquettes disposent d&#8217;un pont en V &#8211;\u00a0<strong>Extended Bridge<\/strong>\u00a0&#8211; qui leur donne un style unique et permet d&#8217;avoir des montants plus longs pour plus de prise d&#8217;effet. Cette rotation est amplifi\u00e9e par le plan de cordage sp\u00e9cifique en 14&#215;21.<\/p>\n<p>La Vortex 100 300g dispose d&#8217;un tamis de 645 cm\u00b2 qui allie jouabilit\u00e9 et puissance. Son \u00e9quilibre \u00e0 32,5cm permet un bon compromis entre maniabilit\u00e9 et lourdeur de balle.<\/p>\n<p>Elle int\u00e8gre les technologies signatures Prince :\u00a0<strong>TeXtreme<\/strong>\u00a0x\u00a0<strong>Twaron<\/strong>\u00a0pour des sensations et un toucher de balle optimis\u00e9s.<\/p>\n<p>Cette raquette est parfaite pour les lifteurs du fond de court, d&#8217;un niveau interm\u00e9diaire \u00e0 avanc\u00e9, qui aiment dicter le jeu avec des frappes lourdes charg\u00e9es d&#8217;effets.<\/p>\n","protected":false},"excerpt":{"rendered":"<p>D\u00e9couvrez la nouvelle gamme de raquettes Prince Vortex ! Les cadres sont con\u00e7us pour apporter prise d&#8217;effet et puissance sans sacrifier le toucher de balle. Ses raquettes disposent d&#8217;un pont en V &#8211;\u00a0Extended Bridge\u00a0&#8211; qui leur donne un style unique et permet d&#8217;avoir des montants plus longs pour plus de prise d&#8217;effet. Cette rotation est [&hellip;]<\/p>\n","protected":false},"featured_media":111779,"comment_status":"open","ping_status":"closed","template":"","meta":[],"product_cat":[145],"product_tag":[],"_links":{"self":[{"href":"https:\/\/www.sport4club.be\/index.php\/wp-json\/wp\/v2\/product\/111778"}],"collection":[{"href":"https:\/\/www.sport4club.be\/index.php\/wp-json\/wp\/v2\/product"}],"about":[{"href":"https:\/\/www.sport4club.be\/index.php\/wp-json\/wp\/v2\/types\/product"}],"replies":[{"embeddable":true,"href":"https:\/\/www.sport4club.be\/index.php\/wp-json\/wp\/v2\/comments?post=111778"}],"wp:featuredmedia":[{"embeddable":true,"href":"https:\/\/www.sport4club.be\/index.php\/wp-json\/wp\/v2\/media\/111779"}],"wp:attachment":[{"href":"https:\/\/www.sport4club.be\/index.php\/wp-json\/wp\/v2\/media?parent=111778"}],"wp:term":[{"taxonomy":"product_cat","embeddable":true,"href":"https:\/\/www.sport4club.be\/index.php\/wp-json\/wp\/v2\/product_cat?post=111778"},{"taxonomy":"product_tag","embeddable":true,"href":"https:\/\/www.sport4club.be\/index.php\/wp-json\/wp\/v2\/product_tag?post=111778"}],"curies":[{"name":"wp","href":"https:\/\/api.w.org\/{rel}","templated":true}]}}