{"id":111765,"date":"2023-07-20T12:14:15","date_gmt":"2023-07-20T10:14:15","guid":{"rendered":"https:\/\/www.sport4club.be\/?post_type=product&#038;p=111765"},"modified":"2023-07-20T12:14:15","modified_gmt":"2023-07-20T10:14:15","slug":"tecnifibre-wall-master-365-2023","status":"publish","type":"product","link":"https:\/\/www.sport4club.be\/index.php\/product\/tecnifibre-wall-master-365-2023\/","title":{"rendered":"Tecnifibre Wall Master 365 2023"},"content":{"rendered":"<p>La raquette\u00a0<strong>Tecnifibre Wall Master 360<\/strong>\u00a0a \u00e9t\u00e9 sp\u00e9cialement con\u00e7ue pour les joueurs r\u00e9guliers \u00e0 la recherche d&#8217;une pr\u00e9cision et d&#8217;un contr\u00f4le optimaux sur le court. Sa<strong>\u00a0forme ronde<\/strong>\u00a0permet d&#8217;obtenir une grande pr\u00e9cision lors des frappes, tout en offrant un excellent contr\u00f4le de la balle.<\/p>\n<p>Avec un<strong>\u00a0poids de 365g<\/strong>, cette raquette est parfaitement maniable, ce qui facilite les mouvements rapides et les changements de direction. Elle est fabriqu\u00e9e en\u00a0<strong>fibres de carbone high modulus<\/strong>\u00a0et est dot\u00e9e d&#8217;une\u00a0<strong>mousse souple<\/strong>, offrant ainsi un confort et un toucher exceptionnels pendant le jeu.<\/p>\n<p>Le tamis de la raquette est recouvert d&#8217;un relief &#8220;<strong>Spin Skin rough<\/strong>&#8220;, qui permet une prise maximale des effets. Cela vous permettra d&#8217;ajouter du spin \u00e0 vos coups et de d\u00e9stabiliser vos adversaires.<\/p>\n<p>La raquette b\u00e9n\u00e9ficie \u00e9galement d&#8217;un plan de per\u00e7age<strong>\u00a0PHD<\/strong>\u00a0avec des trous de 3 diam\u00e8tres diff\u00e9rents, ce qui maximise la pr\u00e9cision au centre du tamis et augmente la tol\u00e9rance aux coups d\u00e9centr\u00e9s aux extr\u00e9mit\u00e9s. Cette innovation unique de Tecnifibre garantit une performance optimale, quel que soit l&#8217;endroit o\u00f9 vous frappez la balle.<\/p>\n<p>La t\u00eate de raquette est con\u00e7ue avec la technologie &#8220;<strong>X-TOP<\/strong>&#8220;, qui combine des fibres d&#8217;aramide ultra-r\u00e9sistantes avec un traitement PTFE pour limiter l&#8217;abrasion. Cela garantit une durabilit\u00e9 accrue et une protection contre l&#8217;usure due aux frottements r\u00e9p\u00e9t\u00e9s.<\/p>\n<p>Avec son m\u00e9lange de caract\u00e9ristiques haut de gamme telles que le<strong>\u00a0HM Carbon, l&#8217;Arch Bridge, le PHD et le Spin Skin Rough,<\/strong>\u00a0cette raquette est id\u00e9ale pour les comp\u00e9titeurs \u00e0 la recherche d&#8217;une pr\u00e9cision, d&#8217;un confort et d&#8217;une performance sup\u00e9rieurs sur le court.<\/p>\n<p>Cette Tecnifibre Wall Master 365 est sp\u00e9cialement con\u00e7ue pour les joueurs de niveau confirm\u00e9 en qu\u00eate d&#8217;une pr\u00e9cision et d&#8217;un toucher de balle exceptionnels.<\/p>\n<p>&nbsp;<\/p>\n","protected":false},"excerpt":{"rendered":"<p>La raquette\u00a0Tecnifibre Wall Master 360\u00a0a \u00e9t\u00e9 sp\u00e9cialement con\u00e7ue pour les joueurs r\u00e9guliers \u00e0 la recherche d&#8217;une pr\u00e9cision et d&#8217;un contr\u00f4le optimaux sur le court. Sa\u00a0forme ronde\u00a0permet d&#8217;obtenir une grande pr\u00e9cision lors des frappes, tout en offrant un excellent contr\u00f4le de la balle. Avec un\u00a0poids de 365g, cette raquette est parfaitement maniable, ce qui facilite les [&hellip;]<\/p>\n","protected":false},"featured_media":111766,"comment_status":"open","ping_status":"closed","template":"","meta":[],"product_cat":[84],"product_tag":[],"_links":{"self":[{"href":"https:\/\/www.sport4club.be\/index.php\/wp-json\/wp\/v2\/product\/111765"}],"collection":[{"href":"https:\/\/www.sport4club.be\/index.php\/wp-json\/wp\/v2\/product"}],"about":[{"href":"https:\/\/www.sport4club.be\/index.php\/wp-json\/wp\/v2\/types\/product"}],"replies":[{"embeddable":true,"href":"https:\/\/www.sport4club.be\/index.php\/wp-json\/wp\/v2\/comments?post=111765"}],"wp:featuredmedia":[{"embeddable":true,"href":"https:\/\/www.sport4club.be\/index.php\/wp-json\/wp\/v2\/media\/111766"}],"wp:attachment":[{"href":"https:\/\/www.sport4club.be\/index.php\/wp-json\/wp\/v2\/media?parent=111765"}],"wp:term":[{"taxonomy":"product_cat","embeddable":true,"href":"https:\/\/www.sport4club.be\/index.php\/wp-json\/wp\/v2\/product_cat?post=111765"},{"taxonomy":"product_tag","embeddable":true,"href":"https:\/\/www.sport4club.be\/index.php\/wp-json\/wp\/v2\/product_tag?post=111765"}],"curies":[{"name":"wp","href":"https:\/\/api.w.org\/{rel}","templated":true}]}}