{"id":111763,"date":"2023-07-20T12:07:08","date_gmt":"2023-07-20T10:07:08","guid":{"rendered":"https:\/\/www.sport4club.be\/?post_type=product&#038;p=111763"},"modified":"2023-07-20T12:15:23","modified_gmt":"2023-07-20T10:15:23","slug":"tecnifibre-wall-master-370-2023","status":"publish","type":"product","link":"https:\/\/www.sport4club.be\/index.php\/product\/tecnifibre-wall-master-370-2023\/","title":{"rendered":"Tecnifibre Wall Master 370 2023"},"content":{"rendered":"<p>La raquette\u00a0<strong>Tecnifibre Wall Master 370<\/strong>\u00a0a \u00e9t\u00e9 sp\u00e9cialement con\u00e7ue pour les joueurs experts \u00e0 la recherche d&#8217;une pr\u00e9cision et d&#8217;un contr\u00f4le optimaux sur le court. Sa<strong>\u00a0forme ronde<\/strong>\u00a0permet d&#8217;obtenir une grande pr\u00e9cision lors des frappes, tout en offrant un excellent contr\u00f4le de la balle.<\/p>\n<p>Avec\u00a0<strong>un poids de 370g<\/strong>, cette raquette offre une maniabilit\u00e9 exceptionnelle, ce qui facilite les mouvements rapides et les changements de direction sur le court de tennis. Elle est fabriqu\u00e9e \u00e0 partir de\u00a0<strong>fibres de carbone sp\u00e9ciales TEI\u00a0<\/strong>et int\u00e8gre une<strong>\u00a0mousse souple<\/strong>, garantissant un confort optimal et une sensation de jeu exceptionnelle.<\/p>\n<p>Le tamis de la raquette est recouvert d&#8217;un relief &#8220;<strong>Spin Skin rough<\/strong>&#8220;, qui permet une prise maximale des effets. Cette caract\u00e9ristique vous permettra d&#8217;ajouter du spin \u00e0 vos coups, ce qui peut d\u00e9stabiliser vos adversaires et am\u00e9liorer votre jeu.<\/p>\n<p>De plus, la raquette b\u00e9n\u00e9ficie d&#8217;un<strong>\u00a0plan de per\u00e7age PHD<\/strong>\u00a0avec des trous de 3 diam\u00e8tres diff\u00e9rents. Cela optimise la pr\u00e9cision au centre du tamis et augmente la tol\u00e9rance aux coups d\u00e9centr\u00e9s aux extr\u00e9mit\u00e9s. Cette innovation exclusive de Tecnifibre garantit des performances optimales, quel que soit l&#8217;endroit o\u00f9 vous frappez la balle.<\/p>\n<p>La t\u00eate de raquette est con\u00e7ue avec la technologie &#8220;<strong>X-TOP<\/strong>&#8220;, qui associe des\u00a0<strong>fibres d&#8217;aramide ultra-r\u00e9sistantes\u00a0<\/strong>\u00e0 un\u00a0<strong>traitement PTFE<\/strong>\u00a0pour limiter l&#8217;abrasion. Cette combinaison assure une durabilit\u00e9 accrue et prot\u00e8ge la raquette contre l&#8217;usure due aux frottements r\u00e9p\u00e9t\u00e9s, vous permettant ainsi de profiter de votre raquette pendant une longue p\u00e9riode.<\/p>\n<p>Avec son m\u00e9lange de caract\u00e9ristiques haut de gamme telles que le<strong>\u00a0Carbon TEI, le CarbonShield, l&#8217;Arch Bridge, le PHD et le Spin Skin Rough,<\/strong>\u00a0cette raquette est id\u00e9ale pour les comp\u00e9titeurs \u00e0 la recherche d&#8217;une pr\u00e9cision, d&#8217;un confort et d&#8217;une performance sup\u00e9rieurs sur le court.<\/p>\n<p>Elle est faite pour les joueurs qui recherchent une\u00a0<strong>pr\u00e9cision chirurgicale et un toucher de balle exceptionnel<\/strong>. La mousse et la forme de cette raquette vous aideront \u00e0 trouver ces zones magiques qui donneront du fil \u00e0 retordre \u00e0 vos adversaires.<\/p>\n","protected":false},"excerpt":{"rendered":"<p>La raquette\u00a0Tecnifibre Wall Master 370\u00a0a \u00e9t\u00e9 sp\u00e9cialement con\u00e7ue pour les joueurs experts \u00e0 la recherche d&#8217;une pr\u00e9cision et d&#8217;un contr\u00f4le optimaux sur le court. Sa\u00a0forme ronde\u00a0permet d&#8217;obtenir une grande pr\u00e9cision lors des frappes, tout en offrant un excellent contr\u00f4le de la balle. Avec\u00a0un poids de 370g, cette raquette offre une maniabilit\u00e9 exceptionnelle, ce qui facilite [&hellip;]<\/p>\n","protected":false},"featured_media":111764,"comment_status":"open","ping_status":"closed","template":"","meta":[],"product_cat":[84],"product_tag":[],"_links":{"self":[{"href":"https:\/\/www.sport4club.be\/index.php\/wp-json\/wp\/v2\/product\/111763"}],"collection":[{"href":"https:\/\/www.sport4club.be\/index.php\/wp-json\/wp\/v2\/product"}],"about":[{"href":"https:\/\/www.sport4club.be\/index.php\/wp-json\/wp\/v2\/types\/product"}],"replies":[{"embeddable":true,"href":"https:\/\/www.sport4club.be\/index.php\/wp-json\/wp\/v2\/comments?post=111763"}],"wp:featuredmedia":[{"embeddable":true,"href":"https:\/\/www.sport4club.be\/index.php\/wp-json\/wp\/v2\/media\/111764"}],"wp:attachment":[{"href":"https:\/\/www.sport4club.be\/index.php\/wp-json\/wp\/v2\/media?parent=111763"}],"wp:term":[{"taxonomy":"product_cat","embeddable":true,"href":"https:\/\/www.sport4club.be\/index.php\/wp-json\/wp\/v2\/product_cat?post=111763"},{"taxonomy":"product_tag","embeddable":true,"href":"https:\/\/www.sport4club.be\/index.php\/wp-json\/wp\/v2\/product_tag?post=111763"}],"curies":[{"name":"wp","href":"https:\/\/api.w.org\/{rel}","templated":true}]}}