{"id":111556,"date":"2023-06-08T09:31:26","date_gmt":"2023-06-08T07:31:26","guid":{"rendered":"https:\/\/www.sport4club.be\/?post_type=product&#038;p=111556"},"modified":"2023-06-08T09:37:39","modified_gmt":"2023-06-08T07:37:39","slug":"babolat-play-cap-sleeve-top-2","status":"publish","type":"product","link":"https:\/\/www.sport4club.be\/index.php\/product\/babolat-play-cap-sleeve-top-2\/","title":{"rendered":"Babolat Play Cap Sleeve Top"},"content":{"rendered":"<p>Ce t-shirt \u00e0 manche courte pour femme est id\u00e9al pour la pratique du tennis gr\u00e2ce \u00e0 son\u00a0<strong>tissu doux et souple<\/strong>. En effet, le t-shirt<strong>\u00a0Babolat Play Cap<\/strong>\u00a0vous permet de r\u00e9aliser des mouvements intenses en toute libert\u00e9 sans \u00eatre g\u00ean\u00e9. De plus, sa conception F<strong>iber Dry<\/strong>\u00a0offre une<strong>\u00a0excellente respirabilit\u00e9\u00a0<\/strong>vous permettant de b\u00e9n\u00e9ficier de confort en toute circonstance.<\/p>\n<p>Ce t-shirt de tennis pour femme fait partie de la\u00a0<strong>collection Play<\/strong>\u00a0de chez Babolat, vous permettant de l&#8217;associer facilement afin de varier de style toute l&#8217;ann\u00e9e.<\/p>\n<ul>\n<li>Coupe standard<\/li>\n<li>Composition 100% polyester<\/li>\n<\/ul>\n","protected":false},"excerpt":{"rendered":"<p>Ce t-shirt \u00e0 manche courte pour femme est id\u00e9al pour la pratique du tennis gr\u00e2ce \u00e0 son\u00a0tissu doux et souple. En effet, le t-shirt\u00a0Babolat Play Cap\u00a0vous permet de r\u00e9aliser des mouvements intenses en toute libert\u00e9 sans \u00eatre g\u00ean\u00e9. De plus, sa conception Fiber Dry\u00a0offre une\u00a0excellente respirabilit\u00e9\u00a0vous permettant de b\u00e9n\u00e9ficier de confort en toute circonstance. Ce [&hellip;]<\/p>\n","protected":false},"featured_media":111559,"comment_status":"open","ping_status":"closed","template":"","meta":[],"product_cat":[482],"product_tag":[],"_links":{"self":[{"href":"https:\/\/www.sport4club.be\/index.php\/wp-json\/wp\/v2\/product\/111556"}],"collection":[{"href":"https:\/\/www.sport4club.be\/index.php\/wp-json\/wp\/v2\/product"}],"about":[{"href":"https:\/\/www.sport4club.be\/index.php\/wp-json\/wp\/v2\/types\/product"}],"replies":[{"embeddable":true,"href":"https:\/\/www.sport4club.be\/index.php\/wp-json\/wp\/v2\/comments?post=111556"}],"wp:featuredmedia":[{"embeddable":true,"href":"https:\/\/www.sport4club.be\/index.php\/wp-json\/wp\/v2\/media\/111559"}],"wp:attachment":[{"href":"https:\/\/www.sport4club.be\/index.php\/wp-json\/wp\/v2\/media?parent=111556"}],"wp:term":[{"taxonomy":"product_cat","embeddable":true,"href":"https:\/\/www.sport4club.be\/index.php\/wp-json\/wp\/v2\/product_cat?post=111556"},{"taxonomy":"product_tag","embeddable":true,"href":"https:\/\/www.sport4club.be\/index.php\/wp-json\/wp\/v2\/product_tag?post=111556"}],"curies":[{"name":"wp","href":"https:\/\/api.w.org\/{rel}","templated":true}]}}