{"id":111427,"date":"2023-04-20T10:48:13","date_gmt":"2023-04-20T08:48:13","guid":{"rendered":"https:\/\/www.sport4club.be\/?post_type=product&#038;p=111427"},"modified":"2025-02-19T10:45:05","modified_gmt":"2025-02-19T09:45:05","slug":"babolat-counter-viper-2023","status":"publish","type":"product","link":"https:\/\/www.sport4club.be\/index.php\/product\/babolat-counter-viper-2023\/","title":{"rendered":"Babolat Counter Viper 2023"},"content":{"rendered":"<p><b>Tol\u00e9rance<\/b>\u00a0et\u00a0<b>puissance explosive<\/b>\u00a0: exactement ce dont vous avez besoin pour \u00eatre un mur et contr\u00f4ler le jeu avec patience en attendant la balle parfaite pour smasher. En d&#8217;autres mots, un contre-attaquant.<\/p>\n<p>La Counter Viper fait peau neuve : les m\u00eames atouts ind\u00e9niables que sa pr\u00e9decesseure, tout en \u00e9tant plus confortable.<\/p>\n<p>Soyez un COUNTER STRIKER. Epuisez vos adversaires avant de smasher la balle avec force pour gagner le point.<\/p>\n","protected":false},"excerpt":{"rendered":"<p>Tol\u00e9rance\u00a0et\u00a0puissance explosive\u00a0: exactement ce dont vous avez besoin pour \u00eatre un mur et contr\u00f4ler le jeu avec patience en attendant la balle parfaite pour smasher. En d&#8217;autres mots, un contre-attaquant. La Counter Viper fait peau neuve : les m\u00eames atouts ind\u00e9niables que sa pr\u00e9decesseure, tout en \u00e9tant plus confortable. Soyez un COUNTER STRIKER. Epuisez vos [&hellip;]<\/p>\n","protected":false},"featured_media":111428,"comment_status":"open","ping_status":"closed","template":"","meta":[],"product_cat":[786,84],"product_tag":[],"_links":{"self":[{"href":"https:\/\/www.sport4club.be\/index.php\/wp-json\/wp\/v2\/product\/111427"}],"collection":[{"href":"https:\/\/www.sport4club.be\/index.php\/wp-json\/wp\/v2\/product"}],"about":[{"href":"https:\/\/www.sport4club.be\/index.php\/wp-json\/wp\/v2\/types\/product"}],"replies":[{"embeddable":true,"href":"https:\/\/www.sport4club.be\/index.php\/wp-json\/wp\/v2\/comments?post=111427"}],"wp:featuredmedia":[{"embeddable":true,"href":"https:\/\/www.sport4club.be\/index.php\/wp-json\/wp\/v2\/media\/111428"}],"wp:attachment":[{"href":"https:\/\/www.sport4club.be\/index.php\/wp-json\/wp\/v2\/media?parent=111427"}],"wp:term":[{"taxonomy":"product_cat","embeddable":true,"href":"https:\/\/www.sport4club.be\/index.php\/wp-json\/wp\/v2\/product_cat?post=111427"},{"taxonomy":"product_tag","embeddable":true,"href":"https:\/\/www.sport4club.be\/index.php\/wp-json\/wp\/v2\/product_tag?post=111427"}],"curies":[{"name":"wp","href":"https:\/\/api.w.org\/{rel}","templated":true}]}}