{"id":111410,"date":"2023-04-20T09:24:15","date_gmt":"2023-04-20T07:24:15","guid":{"rendered":"https:\/\/www.sport4club.be\/?post_type=product&#038;p=111410"},"modified":"2025-02-19T10:41:06","modified_gmt":"2025-02-19T09:41:06","slug":"babolat-air-veron-2023","status":"publish","type":"product","link":"https:\/\/www.sport4club.be\/index.php\/product\/babolat-air-veron-2023\/","title":{"rendered":"Babolat Air Veron 2023"},"content":{"rendered":"<p>Nous voulons tous marquer des points\u2026 Nous sommes tous des ATTAQUANTS !<\/p>\n<p>En \u00e9tudiant le jeu, nous avons identifi\u00e9 diff\u00e9rents profils de joueurs. Parmi eux, l&#8217;attaquant a\u00e9rien est super dynamique, il saisit chaque opportunit\u00e9 pour monter au filet et utilise sa rapidit\u00e9 pour g\u00e9n\u00e9rer de la puissance.<\/p>\n<p>Pour exprimer le meilleur de son jeu, nous avons d\u00e9velopp\u00e9 la Air Veron qui offre de la\u00a0puissance dynamique\u00a0avec une extr\u00eame\u00a0maniabilit\u00e9.<\/p>\n<p>Cette raquette vous aidera \u00e0 attaquer en surgissant de nulle part pour surpasser vos adversaires. D\u00e9montrez l&#8217;AIR STRIKER que vous \u00eates!<\/p>\n","protected":false},"excerpt":{"rendered":"<p>Nous voulons tous marquer des points\u2026 Nous sommes tous des ATTAQUANTS ! En \u00e9tudiant le jeu, nous avons identifi\u00e9 diff\u00e9rents profils de joueurs. Parmi eux, l&#8217;attaquant a\u00e9rien est super dynamique, il saisit chaque opportunit\u00e9 pour monter au filet et utilise sa rapidit\u00e9 pour g\u00e9n\u00e9rer de la puissance. Pour exprimer le meilleur de son jeu, nous [&hellip;]<\/p>\n","protected":false},"featured_media":111411,"comment_status":"open","ping_status":"closed","template":"","meta":[],"product_cat":[786,84],"product_tag":[],"_links":{"self":[{"href":"https:\/\/www.sport4club.be\/index.php\/wp-json\/wp\/v2\/product\/111410"}],"collection":[{"href":"https:\/\/www.sport4club.be\/index.php\/wp-json\/wp\/v2\/product"}],"about":[{"href":"https:\/\/www.sport4club.be\/index.php\/wp-json\/wp\/v2\/types\/product"}],"replies":[{"embeddable":true,"href":"https:\/\/www.sport4club.be\/index.php\/wp-json\/wp\/v2\/comments?post=111410"}],"wp:featuredmedia":[{"embeddable":true,"href":"https:\/\/www.sport4club.be\/index.php\/wp-json\/wp\/v2\/media\/111411"}],"wp:attachment":[{"href":"https:\/\/www.sport4club.be\/index.php\/wp-json\/wp\/v2\/media?parent=111410"}],"wp:term":[{"taxonomy":"product_cat","embeddable":true,"href":"https:\/\/www.sport4club.be\/index.php\/wp-json\/wp\/v2\/product_cat?post=111410"},{"taxonomy":"product_tag","embeddable":true,"href":"https:\/\/www.sport4club.be\/index.php\/wp-json\/wp\/v2\/product_tag?post=111410"}],"curies":[{"name":"wp","href":"https:\/\/api.w.org\/{rel}","templated":true}]}}