{"id":111407,"date":"2023-04-20T09:16:26","date_gmt":"2023-04-20T07:16:26","guid":{"rendered":"https:\/\/www.sport4club.be\/?post_type=product&#038;p=111407"},"modified":"2026-02-11T14:25:00","modified_gmt":"2026-02-11T13:25:00","slug":"babolat-dyna-spirit-2023","status":"publish","type":"product","link":"https:\/\/www.sport4club.be\/index.php\/product\/babolat-dyna-spirit-2023\/","title":{"rendered":"Babolat Dyna Spirit 2023"},"content":{"rendered":"<p>Votre raquette de padel devrait r\u00e9pondre pleinement \u00e0 vos besoins. Vous \u00eates diff\u00e9rentes des hommes et nous le savons.<\/p>\n<p>Nous vous avons donc observ\u00e9es, questionn\u00e9es, pour vous apporter une r\u00e9ponse enfin 100% adapt\u00e9e : la gamme de raquettes la plus l\u00e9g\u00e8re que nous n&#8217;ayons jamais d\u00e9velopp\u00e9e.<\/p>\n<p>Parmi ces raquettes, la Dyna Spirit vous offrira \u00e0 la fois, du confort, une maniabilit\u00e9 extr\u00eame et une puissance facile. Sentez vous libre et osez faire la diff\u00e9rence.<\/p>\n","protected":false},"excerpt":{"rendered":"<p>Votre raquette de padel devrait r\u00e9pondre pleinement \u00e0 vos besoins. Vous \u00eates diff\u00e9rentes des hommes et nous le savons. Nous vous avons donc observ\u00e9es, questionn\u00e9es, pour vous apporter une r\u00e9ponse enfin 100% adapt\u00e9e : la gamme de raquettes la plus l\u00e9g\u00e8re que nous n&#8217;ayons jamais d\u00e9velopp\u00e9e. Parmi ces raquettes, la Dyna Spirit vous offrira \u00e0 [&hellip;]<\/p>\n","protected":false},"featured_media":111408,"comment_status":"open","ping_status":"closed","template":"","meta":[],"product_cat":[786,84],"product_tag":[],"_links":{"self":[{"href":"https:\/\/www.sport4club.be\/index.php\/wp-json\/wp\/v2\/product\/111407"}],"collection":[{"href":"https:\/\/www.sport4club.be\/index.php\/wp-json\/wp\/v2\/product"}],"about":[{"href":"https:\/\/www.sport4club.be\/index.php\/wp-json\/wp\/v2\/types\/product"}],"replies":[{"embeddable":true,"href":"https:\/\/www.sport4club.be\/index.php\/wp-json\/wp\/v2\/comments?post=111407"}],"wp:featuredmedia":[{"embeddable":true,"href":"https:\/\/www.sport4club.be\/index.php\/wp-json\/wp\/v2\/media\/111408"}],"wp:attachment":[{"href":"https:\/\/www.sport4club.be\/index.php\/wp-json\/wp\/v2\/media?parent=111407"}],"wp:term":[{"taxonomy":"product_cat","embeddable":true,"href":"https:\/\/www.sport4club.be\/index.php\/wp-json\/wp\/v2\/product_cat?post=111407"},{"taxonomy":"product_tag","embeddable":true,"href":"https:\/\/www.sport4club.be\/index.php\/wp-json\/wp\/v2\/product_tag?post=111407"}],"curies":[{"name":"wp","href":"https:\/\/api.w.org\/{rel}","templated":true}]}}