{"id":111398,"date":"2023-04-19T12:17:04","date_gmt":"2023-04-19T10:17:04","guid":{"rendered":"https:\/\/www.sport4club.be\/?post_type=product&#038;p=111398"},"modified":"2023-07-28T10:11:49","modified_gmt":"2023-07-28T08:11:49","slug":"babolat-viper-junior-2023","status":"publish","type":"product","link":"https:\/\/www.sport4club.be\/index.php\/product\/babolat-viper-junior-2023\/","title":{"rendered":"Babolat Viper Junior 2023"},"content":{"rendered":"<p>L\u00e9g\u00e8re et maniable, la Viper Junior est une raquette facile \u00e0 jouer, adapt\u00e9e aux jeunes joueurs de moins de 12 ans.<\/p>\n<p>C&#8217;est la raquette parfaite si votre enfant d\u00e9bute la pratique du padel.<\/p>\n","protected":false},"excerpt":{"rendered":"<p>L\u00e9g\u00e8re et maniable, la Viper Junior est une raquette facile \u00e0 jouer, adapt\u00e9e aux jeunes joueurs de moins de 12 ans. C&#8217;est la raquette parfaite si votre enfant d\u00e9bute la pratique du padel.<\/p>\n","protected":false},"featured_media":111400,"comment_status":"open","ping_status":"closed","template":"","meta":[],"product_cat":[786,84],"product_tag":[],"_links":{"self":[{"href":"https:\/\/www.sport4club.be\/index.php\/wp-json\/wp\/v2\/product\/111398"}],"collection":[{"href":"https:\/\/www.sport4club.be\/index.php\/wp-json\/wp\/v2\/product"}],"about":[{"href":"https:\/\/www.sport4club.be\/index.php\/wp-json\/wp\/v2\/types\/product"}],"replies":[{"embeddable":true,"href":"https:\/\/www.sport4club.be\/index.php\/wp-json\/wp\/v2\/comments?post=111398"}],"wp:featuredmedia":[{"embeddable":true,"href":"https:\/\/www.sport4club.be\/index.php\/wp-json\/wp\/v2\/media\/111400"}],"wp:attachment":[{"href":"https:\/\/www.sport4club.be\/index.php\/wp-json\/wp\/v2\/media?parent=111398"}],"wp:term":[{"taxonomy":"product_cat","embeddable":true,"href":"https:\/\/www.sport4club.be\/index.php\/wp-json\/wp\/v2\/product_cat?post=111398"},{"taxonomy":"product_tag","embeddable":true,"href":"https:\/\/www.sport4club.be\/index.php\/wp-json\/wp\/v2\/product_tag?post=111398"}],"curies":[{"name":"wp","href":"https:\/\/api.w.org\/{rel}","templated":true}]}}