{"id":111390,"date":"2023-04-19T10:45:11","date_gmt":"2023-04-19T08:45:11","guid":{"rendered":"https:\/\/www.sport4club.be\/?post_type=product&#038;p=111390"},"modified":"2025-02-19T10:42:38","modified_gmt":"2025-02-19T09:42:38","slug":"babolat-air-viper-2023","status":"publish","type":"product","link":"https:\/\/www.sport4club.be\/index.php\/product\/babolat-air-viper-2023\/","title":{"rendered":"Babolat Air Viper 2023"},"content":{"rendered":"<p><b>Puissance explosive<\/b>\u00a0avec une extr\u00eame\u00a0<b>maniabilit\u00e9<\/b>\u00a0: c&#8217;est ce dont vous avez besoin pour \u00eatre un attaquant a\u00e9rien. Avec la Air Viper, vous pourrez \u00eatre celui qui saisit chaque opportunit\u00e9 de monter au filet, celui qui utilise sa vitesse pour g\u00e9n\u00e9rer de la puissance.<\/p>\n<p>Cette nouvelle version am\u00e9lior\u00e9e de la Air Viper vous procurera les m\u00eames sensations de puissance et l\u00e9g\u00e8ret\u00e9, tout en \u00e9tant plus confortable.<\/p>\n<p>Soyez un AIR STRIKER. Utilisez votre vitesse pour surpasser vos adversaires.<\/p>\n","protected":false},"excerpt":{"rendered":"<p>Puissance explosive\u00a0avec une extr\u00eame\u00a0maniabilit\u00e9\u00a0: c&#8217;est ce dont vous avez besoin pour \u00eatre un attaquant a\u00e9rien. Avec la Air Viper, vous pourrez \u00eatre celui qui saisit chaque opportunit\u00e9 de monter au filet, celui qui utilise sa vitesse pour g\u00e9n\u00e9rer de la puissance. Cette nouvelle version am\u00e9lior\u00e9e de la Air Viper vous procurera les m\u00eames sensations de [&hellip;]<\/p>\n","protected":false},"featured_media":111391,"comment_status":"open","ping_status":"closed","template":"","meta":[],"product_cat":[786,84],"product_tag":[],"_links":{"self":[{"href":"https:\/\/www.sport4club.be\/index.php\/wp-json\/wp\/v2\/product\/111390"}],"collection":[{"href":"https:\/\/www.sport4club.be\/index.php\/wp-json\/wp\/v2\/product"}],"about":[{"href":"https:\/\/www.sport4club.be\/index.php\/wp-json\/wp\/v2\/types\/product"}],"replies":[{"embeddable":true,"href":"https:\/\/www.sport4club.be\/index.php\/wp-json\/wp\/v2\/comments?post=111390"}],"wp:featuredmedia":[{"embeddable":true,"href":"https:\/\/www.sport4club.be\/index.php\/wp-json\/wp\/v2\/media\/111391"}],"wp:attachment":[{"href":"https:\/\/www.sport4club.be\/index.php\/wp-json\/wp\/v2\/media?parent=111390"}],"wp:term":[{"taxonomy":"product_cat","embeddable":true,"href":"https:\/\/www.sport4club.be\/index.php\/wp-json\/wp\/v2\/product_cat?post=111390"},{"taxonomy":"product_tag","embeddable":true,"href":"https:\/\/www.sport4club.be\/index.php\/wp-json\/wp\/v2\/product_tag?post=111390"}],"curies":[{"name":"wp","href":"https:\/\/api.w.org\/{rel}","templated":true}]}}