{"id":11137,"date":"2018-12-14T17:49:40","date_gmt":"2018-12-14T16:49:40","guid":{"rendered":"https:\/\/www.sport4club.be\/?post_type=product&#038;p=11137"},"modified":"2020-03-11T15:21:26","modified_gmt":"2020-03-11T14:21:26","slug":"babolat-core-club-pant","status":"publish","type":"product","link":"https:\/\/www.sport4club.be\/index.php\/product\/babolat-core-club-pant\/","title":{"rendered":"Babolat Core Club Pant"},"content":{"rendered":"<h4 class=\"fs16 none fbold color3\"><em>PANTALON D&#8217;ENTRAINEMENT L\u00c9GER ET RESPIRANT<\/em><\/h4>\n<div class=\"grid_12 omega\"><em>Pantalon de tennis d&#8217;entra\u00eenement qui gr\u00e2ce \u00e0 sa composition 100% polyester permet l&#8217;\u00e9vacuation de la transpiration tout en conservant la chaleur corporelle.<\/em><\/div>\n","protected":false},"excerpt":{"rendered":"<p>PANTALON D&#8217;ENTRAINEMENT L\u00c9GER ET RESPIRANT Pantalon de tennis d&#8217;entra\u00eenement qui gr\u00e2ce \u00e0 sa composition 100% polyester permet l&#8217;\u00e9vacuation de la transpiration tout en conservant la chaleur corporelle.<\/p>\n","protected":false},"featured_media":11138,"comment_status":"open","ping_status":"closed","template":"","meta":[],"product_cat":[481],"product_tag":[],"_links":{"self":[{"href":"https:\/\/www.sport4club.be\/index.php\/wp-json\/wp\/v2\/product\/11137"}],"collection":[{"href":"https:\/\/www.sport4club.be\/index.php\/wp-json\/wp\/v2\/product"}],"about":[{"href":"https:\/\/www.sport4club.be\/index.php\/wp-json\/wp\/v2\/types\/product"}],"replies":[{"embeddable":true,"href":"https:\/\/www.sport4club.be\/index.php\/wp-json\/wp\/v2\/comments?post=11137"}],"wp:featuredmedia":[{"embeddable":true,"href":"https:\/\/www.sport4club.be\/index.php\/wp-json\/wp\/v2\/media\/11138"}],"wp:attachment":[{"href":"https:\/\/www.sport4club.be\/index.php\/wp-json\/wp\/v2\/media?parent=11137"}],"wp:term":[{"taxonomy":"product_cat","embeddable":true,"href":"https:\/\/www.sport4club.be\/index.php\/wp-json\/wp\/v2\/product_cat?post=11137"},{"taxonomy":"product_tag","embeddable":true,"href":"https:\/\/www.sport4club.be\/index.php\/wp-json\/wp\/v2\/product_tag?post=11137"}],"curies":[{"name":"wp","href":"https:\/\/api.w.org\/{rel}","templated":true}]}}