{"id":110863,"date":"2023-03-02T09:46:07","date_gmt":"2023-03-02T08:46:07","guid":{"rendered":"https:\/\/www.sport4club.be\/?post_type=product&#038;p=110863"},"modified":"2024-12-24T08:18:08","modified_gmt":"2024-12-24T07:18:08","slug":"bullpadel-gold-x3balles-2","status":"publish","type":"product","link":"https:\/\/www.sport4club.be\/index.php\/product\/bullpadel-gold-x3balles-2\/","title":{"rendered":"Bullpadel Gold x3balles"},"content":{"rendered":"<p>La\u00a0balle de Padel Bullpadel Gold\u00a0peut \u00eatre utilis\u00e9e sur tous les types de courts. Elle est con\u00e7ue pour les joueurs les plus intensifs \u00e0 la recherche d&#8217;un maximum de performance pour leur balle de padel. Son feutre mixte tress\u00e9 permet un jeu \u00e0 vitesse moyenne, un vol stable et favorise la prise d&#8217;effet \u00e0 chaque coup. Son noyau pressuris\u00e9 en caoutchouc haute densit\u00e9 emp\u00eache la perte rapide de pression, ce qui\u00a0prolonge la dur\u00e9e de vie\u00a0de la balle tant en termes de temps de jeu que de maintien de ses performances.<\/p>\n<p>Son rebond homog\u00e8ne et r\u00e9gulier assure un plaisir de jeu maximal.<\/p>\n<p>Anciennement Bullpadel Master.<\/p>\n","protected":false},"excerpt":{"rendered":"<p>La\u00a0balle de Padel Bullpadel Gold\u00a0peut \u00eatre utilis\u00e9e sur tous les types de courts. Elle est con\u00e7ue pour les joueurs les plus intensifs \u00e0 la recherche d&#8217;un maximum de performance pour leur balle de padel. Son feutre mixte tress\u00e9 permet un jeu \u00e0 vitesse moyenne, un vol stable et favorise la prise d&#8217;effet \u00e0 chaque coup. [&hellip;]<\/p>\n","protected":false},"featured_media":110864,"comment_status":"open","ping_status":"closed","template":"","meta":[],"product_cat":[88],"product_tag":[],"_links":{"self":[{"href":"https:\/\/www.sport4club.be\/index.php\/wp-json\/wp\/v2\/product\/110863"}],"collection":[{"href":"https:\/\/www.sport4club.be\/index.php\/wp-json\/wp\/v2\/product"}],"about":[{"href":"https:\/\/www.sport4club.be\/index.php\/wp-json\/wp\/v2\/types\/product"}],"replies":[{"embeddable":true,"href":"https:\/\/www.sport4club.be\/index.php\/wp-json\/wp\/v2\/comments?post=110863"}],"wp:featuredmedia":[{"embeddable":true,"href":"https:\/\/www.sport4club.be\/index.php\/wp-json\/wp\/v2\/media\/110864"}],"wp:attachment":[{"href":"https:\/\/www.sport4club.be\/index.php\/wp-json\/wp\/v2\/media?parent=110863"}],"wp:term":[{"taxonomy":"product_cat","embeddable":true,"href":"https:\/\/www.sport4club.be\/index.php\/wp-json\/wp\/v2\/product_cat?post=110863"},{"taxonomy":"product_tag","embeddable":true,"href":"https:\/\/www.sport4club.be\/index.php\/wp-json\/wp\/v2\/product_tag?post=110863"}],"curies":[{"name":"wp","href":"https:\/\/api.w.org\/{rel}","templated":true}]}}