{"id":110809,"date":"2023-02-24T10:28:42","date_gmt":"2023-02-24T09:28:42","guid":{"rendered":"https:\/\/www.sport4club.be\/?post_type=product&#038;p=110809"},"modified":"2025-12-28T15:32:14","modified_gmt":"2025-12-28T14:32:14","slug":"nox-skirt-team-white","status":"publish","type":"product","link":"https:\/\/www.sport4club.be\/index.php\/product\/nox-skirt-team-white\/","title":{"rendered":"Nox Skirt team White"},"content":{"rendered":"<p class=\"p1\"><b>Jupe de padel pour femme<\/b>\u00a0avec short int\u00e9rieur et poche technique pour balles.<\/p>\n<p class=\"p1\">En blanc avec d\u00e9tail en rouge Nox.<\/p>\n<p class=\"p1\">Fabriqu\u00e9 avec un tissu l\u00e9ger et \u00e9lastique.\u00a0Il int\u00e8gre la technologie &#8220;Balance Fresh&#8221; de NOX pour un maximum de confort dans le jeu.<\/p>\n<p class=\"p1\"><b>Composition :<\/b>\u00a0Polyester 95% &#8211; Elasthanne 5%<\/p>\n","protected":false},"excerpt":{"rendered":"<p>Jupe de padel pour femme\u00a0avec short int\u00e9rieur et poche technique pour balles. En blanc avec d\u00e9tail en rouge Nox. Fabriqu\u00e9 avec un tissu l\u00e9ger et \u00e9lastique.\u00a0Il int\u00e8gre la technologie &#8220;Balance Fresh&#8221; de NOX pour un maximum de confort dans le jeu. Composition :\u00a0Polyester 95% &#8211; Elasthanne 5%<\/p>\n","protected":false},"featured_media":110810,"comment_status":"open","ping_status":"closed","template":"","meta":[],"product_cat":[86],"product_tag":[],"_links":{"self":[{"href":"https:\/\/www.sport4club.be\/index.php\/wp-json\/wp\/v2\/product\/110809"}],"collection":[{"href":"https:\/\/www.sport4club.be\/index.php\/wp-json\/wp\/v2\/product"}],"about":[{"href":"https:\/\/www.sport4club.be\/index.php\/wp-json\/wp\/v2\/types\/product"}],"replies":[{"embeddable":true,"href":"https:\/\/www.sport4club.be\/index.php\/wp-json\/wp\/v2\/comments?post=110809"}],"wp:featuredmedia":[{"embeddable":true,"href":"https:\/\/www.sport4club.be\/index.php\/wp-json\/wp\/v2\/media\/110810"}],"wp:attachment":[{"href":"https:\/\/www.sport4club.be\/index.php\/wp-json\/wp\/v2\/media?parent=110809"}],"wp:term":[{"taxonomy":"product_cat","embeddable":true,"href":"https:\/\/www.sport4club.be\/index.php\/wp-json\/wp\/v2\/product_cat?post=110809"},{"taxonomy":"product_tag","embeddable":true,"href":"https:\/\/www.sport4club.be\/index.php\/wp-json\/wp\/v2\/product_tag?post=110809"}],"curies":[{"name":"wp","href":"https:\/\/api.w.org\/{rel}","templated":true}]}}