{"id":110791,"date":"2023-02-24T10:19:32","date_gmt":"2023-02-24T09:19:32","guid":{"rendered":"https:\/\/www.sport4club.be\/?post_type=product&#038;p=110791"},"modified":"2025-12-28T15:30:28","modified_gmt":"2025-12-28T14:30:28","slug":"nox-skirt-team-black","status":"publish","type":"product","link":"https:\/\/www.sport4club.be\/index.php\/product\/nox-skirt-team-black\/","title":{"rendered":"Nox Skirt Team Black"},"content":{"rendered":"<p class=\"p1\"><b>Jupe de padel pour femme<\/b>\u00a0avec short int\u00e9rieur et poche technique pour balles.<\/p>\n<p class=\"p1\">En noir avec d\u00e9tail en rouge Nox.<\/p>\n<p class=\"p1\">Fabriqu\u00e9 avec un tissu l\u00e9ger et \u00e9lastique.\u00a0Il int\u00e8gre la technologie &#8220;Balance Fresh&#8221; de NOX pour un maximum de confort dans le jeu.<\/p>\n<p class=\"p1\"><b>Composition :<\/b>\u00a0Polyester 95% &#8211; Elasthanne 5%<\/p>\n","protected":false},"excerpt":{"rendered":"<p>Jupe de padel pour femme\u00a0avec short int\u00e9rieur et poche technique pour balles. En noir avec d\u00e9tail en rouge Nox. Fabriqu\u00e9 avec un tissu l\u00e9ger et \u00e9lastique.\u00a0Il int\u00e8gre la technologie &#8220;Balance Fresh&#8221; de NOX pour un maximum de confort dans le jeu. Composition :\u00a0Polyester 95% &#8211; Elasthanne 5%<\/p>\n","protected":false},"featured_media":110792,"comment_status":"open","ping_status":"closed","template":"","meta":[],"product_cat":[86],"product_tag":[],"_links":{"self":[{"href":"https:\/\/www.sport4club.be\/index.php\/wp-json\/wp\/v2\/product\/110791"}],"collection":[{"href":"https:\/\/www.sport4club.be\/index.php\/wp-json\/wp\/v2\/product"}],"about":[{"href":"https:\/\/www.sport4club.be\/index.php\/wp-json\/wp\/v2\/types\/product"}],"replies":[{"embeddable":true,"href":"https:\/\/www.sport4club.be\/index.php\/wp-json\/wp\/v2\/comments?post=110791"}],"wp:featuredmedia":[{"embeddable":true,"href":"https:\/\/www.sport4club.be\/index.php\/wp-json\/wp\/v2\/media\/110792"}],"wp:attachment":[{"href":"https:\/\/www.sport4club.be\/index.php\/wp-json\/wp\/v2\/media?parent=110791"}],"wp:term":[{"taxonomy":"product_cat","embeddable":true,"href":"https:\/\/www.sport4club.be\/index.php\/wp-json\/wp\/v2\/product_cat?post=110791"},{"taxonomy":"product_tag","embeddable":true,"href":"https:\/\/www.sport4club.be\/index.php\/wp-json\/wp\/v2\/product_tag?post=110791"}],"curies":[{"name":"wp","href":"https:\/\/api.w.org\/{rel}","templated":true}]}}