{"id":110767,"date":"2023-02-24T09:59:20","date_gmt":"2023-02-24T08:59:20","guid":{"rendered":"https:\/\/www.sport4club.be\/?post_type=product&#038;p=110767"},"modified":"2024-03-30T11:05:49","modified_gmt":"2024-03-30T10:05:49","slug":"nox-debardeur-team-fit-black","status":"publish","type":"product","link":"https:\/\/www.sport4club.be\/index.php\/product\/nox-debardeur-team-fit-black\/","title":{"rendered":"Nox D\u00e9bardeur Team Fit Black"},"content":{"rendered":"<p><strong>Chemise technique de paddle-tennis pour femme\u00a0<\/strong>\u00a0avec bretelles et coupe ajust\u00e9e.<\/p>\n<p>En noir avec d\u00e9tail en rouge Nox.<\/p>\n<p>Son design flatteur fait du t-shirt Nox TEAM un\u00a0<strong>basique confortable et \u00e9l\u00e9gant.<\/strong><\/p>\n<p>Il int\u00e8gre le\u00a0<strong>tissu l\u00e9ger<\/strong>\u00a0avec\u00a0<strong>la technologie Nox &#8220;Balance Fresh&#8221;<\/strong>\u00a0pour un maximum\u00a0\u00a0de confort dans le jeu.\u00a0De plus, il a un nouveau tissu qui offre\u00a0\u00a0<strong>une plus grande respirabilit\u00e9 et fra\u00eecheur \u00e0 chaque mouvement<\/strong>\u00a0.<\/p>\n<p><strong>Composition<\/strong>\u00a0: 80% Polyester &#8211; 20% Elasthanne<\/p>\n","protected":false},"excerpt":{"rendered":"<p>Chemise technique de paddle-tennis pour femme\u00a0\u00a0avec bretelles et coupe ajust\u00e9e. En noir avec d\u00e9tail en rouge Nox. Son design flatteur fait du t-shirt Nox TEAM un\u00a0basique confortable et \u00e9l\u00e9gant. Il int\u00e8gre le\u00a0tissu l\u00e9ger\u00a0avec\u00a0la technologie Nox &#8220;Balance Fresh&#8221;\u00a0pour un maximum\u00a0\u00a0de confort dans le jeu.\u00a0De plus, il a un nouveau tissu qui offre\u00a0\u00a0une plus grande respirabilit\u00e9 et [&hellip;]<\/p>\n","protected":false},"featured_media":110768,"comment_status":"open","ping_status":"closed","template":"","meta":[],"product_cat":[86],"product_tag":[],"_links":{"self":[{"href":"https:\/\/www.sport4club.be\/index.php\/wp-json\/wp\/v2\/product\/110767"}],"collection":[{"href":"https:\/\/www.sport4club.be\/index.php\/wp-json\/wp\/v2\/product"}],"about":[{"href":"https:\/\/www.sport4club.be\/index.php\/wp-json\/wp\/v2\/types\/product"}],"replies":[{"embeddable":true,"href":"https:\/\/www.sport4club.be\/index.php\/wp-json\/wp\/v2\/comments?post=110767"}],"wp:featuredmedia":[{"embeddable":true,"href":"https:\/\/www.sport4club.be\/index.php\/wp-json\/wp\/v2\/media\/110768"}],"wp:attachment":[{"href":"https:\/\/www.sport4club.be\/index.php\/wp-json\/wp\/v2\/media?parent=110767"}],"wp:term":[{"taxonomy":"product_cat","embeddable":true,"href":"https:\/\/www.sport4club.be\/index.php\/wp-json\/wp\/v2\/product_cat?post=110767"},{"taxonomy":"product_tag","embeddable":true,"href":"https:\/\/www.sport4club.be\/index.php\/wp-json\/wp\/v2\/product_tag?post=110767"}],"curies":[{"name":"wp","href":"https:\/\/api.w.org\/{rel}","templated":true}]}}