{"id":110719,"date":"2023-02-20T08:49:17","date_gmt":"2023-02-20T07:49:17","guid":{"rendered":"https:\/\/www.sport4club.be\/?post_type=product&#038;p=110719"},"modified":"2024-07-07T14:28:36","modified_gmt":"2024-07-07T12:28:36","slug":"wilson-pro-staff-97-v14-0-315gr","status":"publish","type":"product","link":"https:\/\/www.sport4club.be\/index.php\/product\/wilson-pro-staff-97-v14-0-315gr\/","title":{"rendered":"Wilson Pro Staff 97 V14.0 (315gr)"},"content":{"rendered":"<p>Red\u00e9couvrez la l\u00e9gendaire Wilson Pro Staff 97 dans une version alliant classicisme et modernit\u00e9. La version 14 arbore un design iridescent comme les gammes Ultra ou Blade. Sa peinture bronze oscille du brun au dor\u00e9e en fonction de la lumi\u00e8re pour un style incroyable sur les courts de tennis.<\/p>\n<p>On retrouve tout l&#8217;ADN de la Pro Staff avec son petit tamis\u00a0<em>97in\u00b2<\/em>\u00a0et son poids de\u00a0<em>315g\u00a0<\/em>qui font d&#8217;elle une raquette exigeante, mais incroyablement pr\u00e9cise et stable \u00e0 l&#8217;impact. Son \u00e9quilibre \u00e0\u00a0<em>31cm<\/em>\u00a0(en manche) la rendra tout de m\u00eame maniable pour des frappes s\u00e8ches et des vol\u00e9es vives.<\/p>\n<p>Ce cadre s&#8217;adresse \u00e0 des\u00a0<strong>joueurs confirm\u00e9s<\/strong>\u00a0disposant d&#8217;une technique solide pour exploiter cette raquette. Elle procurera un haut niveau de contr\u00f4le et des sensations uniques.<\/p>\n<p>Si vous souhaitez plus de tol\u00e9rance, Wilson d\u00e9cline la version V14 dans un tamis 645 : la Pro Staff X.<\/p>\n<p>Cette V14 s&#8217;adresse aux attaquants d&#8217;un bon niveau technique qui souhaite dicter les \u00e9changes et finir \u00e0 la vol\u00e9e.<\/p>\n","protected":false},"excerpt":{"rendered":"<p>Red\u00e9couvrez la l\u00e9gendaire Wilson Pro Staff 97 dans une version alliant classicisme et modernit\u00e9. La version 14 arbore un design iridescent comme les gammes Ultra ou Blade. Sa peinture bronze oscille du brun au dor\u00e9e en fonction de la lumi\u00e8re pour un style incroyable sur les courts de tennis. On retrouve tout l&#8217;ADN de la [&hellip;]<\/p>\n","protected":false},"featured_media":110720,"comment_status":"open","ping_status":"closed","template":"","meta":[],"product_cat":[145],"product_tag":[],"_links":{"self":[{"href":"https:\/\/www.sport4club.be\/index.php\/wp-json\/wp\/v2\/product\/110719"}],"collection":[{"href":"https:\/\/www.sport4club.be\/index.php\/wp-json\/wp\/v2\/product"}],"about":[{"href":"https:\/\/www.sport4club.be\/index.php\/wp-json\/wp\/v2\/types\/product"}],"replies":[{"embeddable":true,"href":"https:\/\/www.sport4club.be\/index.php\/wp-json\/wp\/v2\/comments?post=110719"}],"wp:featuredmedia":[{"embeddable":true,"href":"https:\/\/www.sport4club.be\/index.php\/wp-json\/wp\/v2\/media\/110720"}],"wp:attachment":[{"href":"https:\/\/www.sport4club.be\/index.php\/wp-json\/wp\/v2\/media?parent=110719"}],"wp:term":[{"taxonomy":"product_cat","embeddable":true,"href":"https:\/\/www.sport4club.be\/index.php\/wp-json\/wp\/v2\/product_cat?post=110719"},{"taxonomy":"product_tag","embeddable":true,"href":"https:\/\/www.sport4club.be\/index.php\/wp-json\/wp\/v2\/product_tag?post=110719"}],"curies":[{"name":"wp","href":"https:\/\/api.w.org\/{rel}","templated":true}]}}