{"id":110692,"date":"2023-02-07T11:01:08","date_gmt":"2023-02-07T10:01:08","guid":{"rendered":"https:\/\/www.sport4club.be\/?post_type=product&#038;p=110692"},"modified":"2023-02-07T11:01:56","modified_gmt":"2023-02-07T10:01:56","slug":"wilson-roger-federer-junior-25","status":"publish","type":"product","link":"https:\/\/www.sport4club.be\/index.php\/product\/wilson-roger-federer-junior-25\/","title":{"rendered":"Wilson Roger Federer Junior 25"},"content":{"rendered":"<p><span data-spm-anchor-id=\"a2g0o.detail.1000023.i0.3a75340cWyotWX\">Raquette id\u00e9ale pour les jeunes joueurs de\u00a0<\/span>9-10 ans<\/p>\n<div>T\u00eate de raquette plus l\u00e9g\u00e8re et pour mieux\u00a0 frapper la balle<\/div>\n<div><\/div>\n","protected":false},"excerpt":{"rendered":"<p>Raquette id\u00e9ale pour les jeunes joueurs de\u00a09-10 ans T\u00eate de raquette plus l\u00e9g\u00e8re et pour mieux\u00a0 frapper la balle<\/p>\n","protected":false},"featured_media":110693,"comment_status":"open","ping_status":"closed","template":"","meta":[],"product_cat":[146,786],"product_tag":[],"_links":{"self":[{"href":"https:\/\/www.sport4club.be\/index.php\/wp-json\/wp\/v2\/product\/110692"}],"collection":[{"href":"https:\/\/www.sport4club.be\/index.php\/wp-json\/wp\/v2\/product"}],"about":[{"href":"https:\/\/www.sport4club.be\/index.php\/wp-json\/wp\/v2\/types\/product"}],"replies":[{"embeddable":true,"href":"https:\/\/www.sport4club.be\/index.php\/wp-json\/wp\/v2\/comments?post=110692"}],"wp:featuredmedia":[{"embeddable":true,"href":"https:\/\/www.sport4club.be\/index.php\/wp-json\/wp\/v2\/media\/110693"}],"wp:attachment":[{"href":"https:\/\/www.sport4club.be\/index.php\/wp-json\/wp\/v2\/media?parent=110692"}],"wp:term":[{"taxonomy":"product_cat","embeddable":true,"href":"https:\/\/www.sport4club.be\/index.php\/wp-json\/wp\/v2\/product_cat?post=110692"},{"taxonomy":"product_tag","embeddable":true,"href":"https:\/\/www.sport4club.be\/index.php\/wp-json\/wp\/v2\/product_tag?post=110692"}],"curies":[{"name":"wp","href":"https:\/\/api.w.org\/{rel}","templated":true}]}}