{"id":110672,"date":"2023-02-04T16:40:59","date_gmt":"2023-02-04T15:40:59","guid":{"rendered":"https:\/\/www.sport4club.be\/?post_type=product&#038;p=110672"},"modified":"2025-09-25T09:27:37","modified_gmt":"2025-09-25T07:27:37","slug":"nox-ng17-luxury-by-nico-gianotti-2023","status":"publish","type":"product","link":"https:\/\/www.sport4club.be\/index.php\/product\/nox-ng17-luxury-by-nico-gianotti-2023\/","title":{"rendered":"Nox NG17 Luxury by Nico Gianotti"},"content":{"rendered":"<p>Rapide, polyvalent et puissant.\u00a0La raquette de beach tennis\u00a0<strong>NG17 Luxury 2023<\/strong>\u00a0partage toutes les caract\u00e9ristiques qui ont amen\u00e9\u00a0<strong>Nico Gianotti<\/strong>\u00a0dans l&#8217;\u00e9lite du beach tennis.<\/p>\n<p>Le\u00a0<strong>NG17 Luxury<\/strong>\u00a0est construit avec les mat\u00e9riaux les plus nobles et les plus avanc\u00e9s au service des joueurs les plus exigeants.\u00a0<strong>Le carbone aluminis\u00e9 18K<\/strong>\u00a0se distingue sur les faces\u00a0, avec des performances \u00e9lev\u00e9es et une grande r\u00e9sistance, donnant une touche solide qui donne une grande vitesse dans le jeu offensif.<\/p>\n<p>Au c\u0153ur, on retrouve la gomme\u00a0<strong>HR3 Black Eva Hard<\/strong>\u00a0, une gomme haute densit\u00e9 qui facilite le contr\u00f4le lors du blocage.<\/p>\n<p>Dans la\u00a0<strong>NG17,<\/strong>\u00a0nous avons pris soin de chaque d\u00e9tail, en commen\u00e7ant par des cosm\u00e9tiques exceptionnels jusqu&#8217;au motif de trous sp\u00e9cialement con\u00e7u pour maintenir un \u00e9quilibre interm\u00e9diaire de la raquette qui en fait une raquette facile \u00e0 utiliser pour n&#8217;importe quel joueur.<\/p>\n","protected":false},"excerpt":{"rendered":"<p>Rapide, polyvalent et puissant.\u00a0La raquette de beach tennis\u00a0NG17 Luxury 2023\u00a0partage toutes les caract\u00e9ristiques qui ont amen\u00e9\u00a0Nico Gianotti\u00a0dans l&#8217;\u00e9lite du beach tennis. Le\u00a0NG17 Luxury\u00a0est construit avec les mat\u00e9riaux les plus nobles et les plus avanc\u00e9s au service des joueurs les plus exigeants.\u00a0Le carbone aluminis\u00e9 18K\u00a0se distingue sur les faces\u00a0, avec des performances \u00e9lev\u00e9es et une grande [&hellip;]<\/p>\n","protected":false},"featured_media":110673,"comment_status":"open","ping_status":"closed","template":"","meta":[],"product_cat":[770,786],"product_tag":[],"_links":{"self":[{"href":"https:\/\/www.sport4club.be\/index.php\/wp-json\/wp\/v2\/product\/110672"}],"collection":[{"href":"https:\/\/www.sport4club.be\/index.php\/wp-json\/wp\/v2\/product"}],"about":[{"href":"https:\/\/www.sport4club.be\/index.php\/wp-json\/wp\/v2\/types\/product"}],"replies":[{"embeddable":true,"href":"https:\/\/www.sport4club.be\/index.php\/wp-json\/wp\/v2\/comments?post=110672"}],"wp:featuredmedia":[{"embeddable":true,"href":"https:\/\/www.sport4club.be\/index.php\/wp-json\/wp\/v2\/media\/110673"}],"wp:attachment":[{"href":"https:\/\/www.sport4club.be\/index.php\/wp-json\/wp\/v2\/media?parent=110672"}],"wp:term":[{"taxonomy":"product_cat","embeddable":true,"href":"https:\/\/www.sport4club.be\/index.php\/wp-json\/wp\/v2\/product_cat?post=110672"},{"taxonomy":"product_tag","embeddable":true,"href":"https:\/\/www.sport4club.be\/index.php\/wp-json\/wp\/v2\/product_tag?post=110672"}],"curies":[{"name":"wp","href":"https:\/\/api.w.org\/{rel}","templated":true}]}}