{"id":110541,"date":"2023-01-26T14:40:12","date_gmt":"2023-01-26T13:40:12","guid":{"rendered":"https:\/\/www.sport4club.be\/?post_type=product&#038;p=110541"},"modified":"2025-02-18T16:30:09","modified_gmt":"2025-02-18T15:30:09","slug":"nox-short-team-dark-blue","status":"publish","type":"product","link":"https:\/\/www.sport4club.be\/index.php\/product\/nox-short-team-dark-blue\/","title":{"rendered":"Nox Short Team Dark Blue"},"content":{"rendered":"<p class=\"p1\"><b>Short de padel technique\u00a0<\/b>\u00a0pour homme avec filet int\u00e9rieur et poches lat\u00e9rales.<\/p>\n<p class=\"p1\">En bleu marine avec des d\u00e9tails gris.<\/p>\n<p class=\"p1\">Il int\u00e8gre le tissu l\u00e9ger avec la technologie &#8220;Balance Fresh&#8221; de NOX pour un maximum de confort dans le jeu.<\/p>\n<p class=\"p1\"><b>Composition<\/b>\u00a0: Polyester 92% &#8211; Elasthanne 8%<\/p>\n","protected":false},"excerpt":{"rendered":"<p>Short de padel technique\u00a0\u00a0pour homme avec filet int\u00e9rieur et poches lat\u00e9rales. En bleu marine avec des d\u00e9tails gris. Il int\u00e8gre le tissu l\u00e9ger avec la technologie &#8220;Balance Fresh&#8221; de NOX pour un maximum de confort dans le jeu. Composition\u00a0: Polyester 92% &#8211; Elasthanne 8%<\/p>\n","protected":false},"featured_media":110542,"comment_status":"open","ping_status":"closed","template":"","meta":[],"product_cat":[85],"product_tag":[],"_links":{"self":[{"href":"https:\/\/www.sport4club.be\/index.php\/wp-json\/wp\/v2\/product\/110541"}],"collection":[{"href":"https:\/\/www.sport4club.be\/index.php\/wp-json\/wp\/v2\/product"}],"about":[{"href":"https:\/\/www.sport4club.be\/index.php\/wp-json\/wp\/v2\/types\/product"}],"replies":[{"embeddable":true,"href":"https:\/\/www.sport4club.be\/index.php\/wp-json\/wp\/v2\/comments?post=110541"}],"wp:featuredmedia":[{"embeddable":true,"href":"https:\/\/www.sport4club.be\/index.php\/wp-json\/wp\/v2\/media\/110542"}],"wp:attachment":[{"href":"https:\/\/www.sport4club.be\/index.php\/wp-json\/wp\/v2\/media?parent=110541"}],"wp:term":[{"taxonomy":"product_cat","embeddable":true,"href":"https:\/\/www.sport4club.be\/index.php\/wp-json\/wp\/v2\/product_cat?post=110541"},{"taxonomy":"product_tag","embeddable":true,"href":"https:\/\/www.sport4club.be\/index.php\/wp-json\/wp\/v2\/product_tag?post=110541"}],"curies":[{"name":"wp","href":"https:\/\/api.w.org\/{rel}","templated":true}]}}