{"id":110519,"date":"2023-01-26T14:26:58","date_gmt":"2023-01-26T13:26:58","guid":{"rendered":"https:\/\/www.sport4club.be\/?post_type=product&#038;p=110519"},"modified":"2025-12-27T18:06:56","modified_gmt":"2025-12-27T17:06:56","slug":"nox-polo-team-regular-red","status":"publish","type":"product","link":"https:\/\/www.sport4club.be\/index.php\/product\/nox-polo-team-regular-red\/","title":{"rendered":"Nox polo Team Regular Red"},"content":{"rendered":"<p><strong>Polo de sport Nox P\u00e1del pour homme avec col mao.<\/strong><\/p>\n<p>En rouge Nox avec d\u00e9tail blanc.<\/p>\n<p><img decoding=\"async\" src=\"https:\/\/cdn.shopify.com\/s\/files\/1\/2232\/3715\/products\/CAMISETA_AZUL_HOMBRE_4_240x240.png?v=1574247776\" alt=\"\" \/>Il int\u00e8gre le tissu l\u00e9ger avec la technologie NOX &#8220;Balance Fresh&#8221; pour un maximum de confort dans le jeu.\u00a0Confort et classe dans le m\u00eame v\u00eatement.<\/p>\n<p>Nouvelle combinaison de fibres qui am\u00e9liorent la mobilit\u00e9 et la respirabilit\u00e9 du v\u00eatement.<\/p>\n","protected":false},"excerpt":{"rendered":"<p>Polo de sport Nox P\u00e1del pour homme avec col mao. En rouge Nox avec d\u00e9tail blanc. Il int\u00e8gre le tissu l\u00e9ger avec la technologie NOX &#8220;Balance Fresh&#8221; pour un maximum de confort dans le jeu.\u00a0Confort et classe dans le m\u00eame v\u00eatement. Nouvelle combinaison de fibres qui am\u00e9liorent la mobilit\u00e9 et la respirabilit\u00e9 du v\u00eatement.<\/p>\n","protected":false},"featured_media":110520,"comment_status":"open","ping_status":"closed","template":"","meta":[],"product_cat":[85,786],"product_tag":[],"_links":{"self":[{"href":"https:\/\/www.sport4club.be\/index.php\/wp-json\/wp\/v2\/product\/110519"}],"collection":[{"href":"https:\/\/www.sport4club.be\/index.php\/wp-json\/wp\/v2\/product"}],"about":[{"href":"https:\/\/www.sport4club.be\/index.php\/wp-json\/wp\/v2\/types\/product"}],"replies":[{"embeddable":true,"href":"https:\/\/www.sport4club.be\/index.php\/wp-json\/wp\/v2\/comments?post=110519"}],"wp:featuredmedia":[{"embeddable":true,"href":"https:\/\/www.sport4club.be\/index.php\/wp-json\/wp\/v2\/media\/110520"}],"wp:attachment":[{"href":"https:\/\/www.sport4club.be\/index.php\/wp-json\/wp\/v2\/media?parent=110519"}],"wp:term":[{"taxonomy":"product_cat","embeddable":true,"href":"https:\/\/www.sport4club.be\/index.php\/wp-json\/wp\/v2\/product_cat?post=110519"},{"taxonomy":"product_tag","embeddable":true,"href":"https:\/\/www.sport4club.be\/index.php\/wp-json\/wp\/v2\/product_tag?post=110519"}],"curies":[{"name":"wp","href":"https:\/\/api.w.org\/{rel}","templated":true}]}}