{"id":110329,"date":"2023-01-24T17:43:18","date_gmt":"2023-01-24T16:43:18","guid":{"rendered":"https:\/\/www.sport4club.be\/?post_type=product&#038;p=110329"},"modified":"2023-07-28T10:56:53","modified_gmt":"2023-07-28T08:56:53","slug":"dunlop-aero-star-lite-23","status":"publish","type":"product","link":"https:\/\/www.sport4club.be\/index.php\/product\/dunlop-aero-star-lite-23\/","title":{"rendered":"Dunlop Aero Star Lite 23"},"content":{"rendered":"<pre id=\"tw-target-text\" class=\"tw-data-text tw-text-large tw-ta\" dir=\"ltr\" data-placeholder=\"Traduction\"><span class=\"Y2IQFc\" lang=\"fr\">Construction en carbone 16K super premium avec Carbone premium pour une consistance maximale et la performance dans tous les plans. \r\nLe Tri-Clamp le renfort offre une stabilit\u00e9 pour une augmentation contr\u00f4le et tra\u00een\u00e9e r\u00e9duite pour un swing accru\r\nvitesse et puissance dans les coups d'attaque.\r\nLe mod\u00e8le exclusif de trous perc\u00e9s Power Holes g\u00e9n\u00e8re une puissance suppl\u00e9mentaire sur les coups d'attaque, et la finition textur\u00e9e Hyper Gryp g\u00e9n\u00e8re\r\nrotation suppl\u00e9mentaire pour des coups plus p\u00e9n\u00e9trants\r\n\r\n<\/span><\/pre>\n","protected":false},"excerpt":{"rendered":"<p>Construction en carbone 16K super premium avec Carbone premium pour une consistance maximale et la performance dans tous les plans. Le Tri-Clamp le renfort offre une stabilit\u00e9 pour une augmentation contr\u00f4le et tra\u00een\u00e9e r\u00e9duite pour un swing accru vitesse et puissance dans les coups d&#8217;attaque. Le mod\u00e8le exclusif de trous perc\u00e9s Power Holes g\u00e9n\u00e8re une [&hellip;]<\/p>\n","protected":false},"featured_media":110330,"comment_status":"open","ping_status":"closed","template":"","meta":[],"product_cat":[786,84],"product_tag":[],"_links":{"self":[{"href":"https:\/\/www.sport4club.be\/index.php\/wp-json\/wp\/v2\/product\/110329"}],"collection":[{"href":"https:\/\/www.sport4club.be\/index.php\/wp-json\/wp\/v2\/product"}],"about":[{"href":"https:\/\/www.sport4club.be\/index.php\/wp-json\/wp\/v2\/types\/product"}],"replies":[{"embeddable":true,"href":"https:\/\/www.sport4club.be\/index.php\/wp-json\/wp\/v2\/comments?post=110329"}],"wp:featuredmedia":[{"embeddable":true,"href":"https:\/\/www.sport4club.be\/index.php\/wp-json\/wp\/v2\/media\/110330"}],"wp:attachment":[{"href":"https:\/\/www.sport4club.be\/index.php\/wp-json\/wp\/v2\/media?parent=110329"}],"wp:term":[{"taxonomy":"product_cat","embeddable":true,"href":"https:\/\/www.sport4club.be\/index.php\/wp-json\/wp\/v2\/product_cat?post=110329"},{"taxonomy":"product_tag","embeddable":true,"href":"https:\/\/www.sport4club.be\/index.php\/wp-json\/wp\/v2\/product_tag?post=110329"}],"curies":[{"name":"wp","href":"https:\/\/api.w.org\/{rel}","templated":true}]}}