{"id":110324,"date":"2023-01-24T17:22:19","date_gmt":"2023-01-24T16:22:19","guid":{"rendered":"https:\/\/www.sport4club.be\/?post_type=product&#038;p=110324"},"modified":"2023-07-28T10:58:35","modified_gmt":"2023-07-28T08:58:35","slug":"dunlop-aero-star-pro-23","status":"publish","type":"product","link":"https:\/\/www.sport4club.be\/index.php\/product\/dunlop-aero-star-pro-23\/","title":{"rendered":"Dunlop Aero Star Pro 23"},"content":{"rendered":"<pre id=\"tw-target-text\" class=\"tw-data-text tw-text-large tw-ta\" dir=\"ltr\" data-placeholder=\"Traduction\"><span class=\"Y2IQFc\" lang=\"fr\">Construction en carbone 16K super premium pour coh\u00e9rence et performance maximales dans tous les coups. \r\nLe renfort Tri-Clamp fournit stabilit\u00e9 pour un contr\u00f4le accru, tra\u00een\u00e9e r\u00e9duite pour augmentation de la vitesse de swing et de la puissance d'attaque\r\ncoups.\r\nLe mod\u00e8le exclusif de trous perc\u00e9s Power Holes g\u00e9n\u00e8re une puissance suppl\u00e9mentaire sur les coups d'attaque, et la finition textur\u00e9e Hyper Gryp g\u00e9n\u00e8re\r\nrotation suppl\u00e9mentaire pour des coups plus p\u00e9n\u00e9trants.<\/span><\/pre>\n","protected":false},"excerpt":{"rendered":"<p>Construction en carbone 16K super premium pour coh\u00e9rence et performance maximales dans tous les coups. Le renfort Tri-Clamp fournit stabilit\u00e9 pour un contr\u00f4le accru, tra\u00een\u00e9e r\u00e9duite pour augmentation de la vitesse de swing et de la puissance d&#8217;attaque coups. Le mod\u00e8le exclusif de trous perc\u00e9s Power Holes g\u00e9n\u00e8re une puissance suppl\u00e9mentaire sur les coups d&#8217;attaque, [&hellip;]<\/p>\n","protected":false},"featured_media":110325,"comment_status":"open","ping_status":"closed","template":"","meta":[],"product_cat":[786,84],"product_tag":[],"_links":{"self":[{"href":"https:\/\/www.sport4club.be\/index.php\/wp-json\/wp\/v2\/product\/110324"}],"collection":[{"href":"https:\/\/www.sport4club.be\/index.php\/wp-json\/wp\/v2\/product"}],"about":[{"href":"https:\/\/www.sport4club.be\/index.php\/wp-json\/wp\/v2\/types\/product"}],"replies":[{"embeddable":true,"href":"https:\/\/www.sport4club.be\/index.php\/wp-json\/wp\/v2\/comments?post=110324"}],"wp:featuredmedia":[{"embeddable":true,"href":"https:\/\/www.sport4club.be\/index.php\/wp-json\/wp\/v2\/media\/110325"}],"wp:attachment":[{"href":"https:\/\/www.sport4club.be\/index.php\/wp-json\/wp\/v2\/media?parent=110324"}],"wp:term":[{"taxonomy":"product_cat","embeddable":true,"href":"https:\/\/www.sport4club.be\/index.php\/wp-json\/wp\/v2\/product_cat?post=110324"},{"taxonomy":"product_tag","embeddable":true,"href":"https:\/\/www.sport4club.be\/index.php\/wp-json\/wp\/v2\/product_tag?post=110324"}],"curies":[{"name":"wp","href":"https:\/\/api.w.org\/{rel}","templated":true}]}}