{"id":110319,"date":"2023-01-24T17:01:39","date_gmt":"2023-01-24T16:01:39","guid":{"rendered":"https:\/\/www.sport4club.be\/?post_type=product&#038;p=110319"},"modified":"2023-07-28T11:06:06","modified_gmt":"2023-07-28T09:06:06","slug":"dunlop-galactica","status":"publish","type":"product","link":"https:\/\/www.sport4club.be\/index.php\/product\/dunlop-galactica\/","title":{"rendered":"Dunlop Galactica"},"content":{"rendered":"<p>Con\u00e7ue pour les joueurs complets, la raquette de padel\u00a0<strong>Dunlop Galactica<\/strong>\u00a0apporte une grande polyvalance. Sa forme hybride permet d&#8217;\u00eatre efficace en attaque comme en d\u00e9fense. Elle est con\u00e7ue en\u00a0<strong>carbone 12k<\/strong>\u00a0de qualit\u00e9 sup\u00e9rieure pour des performances incomparables.<\/p>\n<p>Son poids de 365g et son renfort\u00a0<strong>Tri-Max<\/strong>\u00a0lui procurent stabilit\u00e9 et ma\u00eetrise. Son grand\u00a0<strong>tamis en forme de goutte d&#8217;eau\u00a0<\/strong>procure un excellent rapport puissance \/ contr\u00f4le pour jouer tous les styles de jeu.<\/p>\n<p>La Galactica dispose d&#8217;une\u00a0<strong>surface rugueuse<\/strong>\u00a0pour plus d&#8217;accroche de balle et donc plus de prise d&#8217;effet.<\/p>\n<p>Le confort de jeu et les performances de la raquette sont optimis\u00e9s par la mousse\u00a0<strong>Pro EVA<\/strong>.<\/p>\n<p>Pour plus de\u00a0<strong>durabilit\u00e9<\/strong>, la nouvelle Galatica dispose d&#8217;un\u00a0<strong>protection<\/strong>\u00a0qui couvre la t\u00eate de raquette et la prot\u00e8ge des chocs.<\/p>\n<ul>\n<li><strong>12k Carbon<\/strong>\u00a0: Carbone haut de gamme japonais pour un maximum de durabilit\u00e9, de r\u00e9gularit\u00e9 et de performance.<\/li>\n<li><strong>Pro EVA<\/strong>\u00a0: Combinaison de mousse EVA moyenne densit\u00e9 impr\u00e9gn\u00e9e de caoutchouc, d\u2019un tissu ext\u00e9rieur triple couche et du syst\u00e8me de r\u00e9sine unique de Dunlop pour un maximum de performance.<\/li>\n<li><strong>Tri-Max\u00a0<\/strong>: Technologie de renforcement de la structure de la raquette \u00e0 360\u00ba pour une meilleure stabilit\u00e9 et plus de ma\u00eetrise.<\/li>\n<li><strong>Extra Grip<\/strong>\u00a0: Donnez plus d&#8217;effet \u00e0 vos coups gr\u00e2ce \u00e0 la finition textur\u00e9e de la surface du tamis.<\/li>\n<li><strong>Control Holes<\/strong>\u00a0: plan de per\u00e7age de trous horizontaux, verticaux et diagonaux r\u00e9volutionnaire et unique pour obtenir une r\u00e9sistance structurelle am\u00e9lior\u00e9e en combinaison avec la construction de du noyau externe en carbone 12K.<\/li>\n<\/ul>\n","protected":false},"excerpt":{"rendered":"<p>Con\u00e7ue pour les joueurs complets, la raquette de padel\u00a0Dunlop Galactica\u00a0apporte une grande polyvalance. Sa forme hybride permet d&#8217;\u00eatre efficace en attaque comme en d\u00e9fense. Elle est con\u00e7ue en\u00a0carbone 12k\u00a0de qualit\u00e9 sup\u00e9rieure pour des performances incomparables. Son poids de 365g et son renfort\u00a0Tri-Max\u00a0lui procurent stabilit\u00e9 et ma\u00eetrise. Son grand\u00a0tamis en forme de goutte d&#8217;eau\u00a0procure un excellent [&hellip;]<\/p>\n","protected":false},"featured_media":110320,"comment_status":"open","ping_status":"closed","template":"","meta":[],"product_cat":[786,84],"product_tag":[],"_links":{"self":[{"href":"https:\/\/www.sport4club.be\/index.php\/wp-json\/wp\/v2\/product\/110319"}],"collection":[{"href":"https:\/\/www.sport4club.be\/index.php\/wp-json\/wp\/v2\/product"}],"about":[{"href":"https:\/\/www.sport4club.be\/index.php\/wp-json\/wp\/v2\/types\/product"}],"replies":[{"embeddable":true,"href":"https:\/\/www.sport4club.be\/index.php\/wp-json\/wp\/v2\/comments?post=110319"}],"wp:featuredmedia":[{"embeddable":true,"href":"https:\/\/www.sport4club.be\/index.php\/wp-json\/wp\/v2\/media\/110320"}],"wp:attachment":[{"href":"https:\/\/www.sport4club.be\/index.php\/wp-json\/wp\/v2\/media?parent=110319"}],"wp:term":[{"taxonomy":"product_cat","embeddable":true,"href":"https:\/\/www.sport4club.be\/index.php\/wp-json\/wp\/v2\/product_cat?post=110319"},{"taxonomy":"product_tag","embeddable":true,"href":"https:\/\/www.sport4club.be\/index.php\/wp-json\/wp\/v2\/product_tag?post=110319"}],"curies":[{"name":"wp","href":"https:\/\/api.w.org\/{rel}","templated":true}]}}