{"id":110278,"date":"2023-01-24T11:21:14","date_gmt":"2023-01-24T10:21:14","guid":{"rendered":"https:\/\/www.sport4club.be\/?post_type=product&#038;p=110278"},"modified":"2023-10-31T10:20:34","modified_gmt":"2023-10-31T09:20:34","slug":"black-crown-piton-nakano","status":"publish","type":"product","link":"https:\/\/www.sport4club.be\/index.php\/product\/black-crown-piton-nakano\/","title":{"rendered":"Black Crown Piton Nakano"},"content":{"rendered":"<p><em>La raquette Piton Nakano pr\u00e9sente une forme ronde et un \u00e9quilibre moyen pour offrir pr\u00e9cision et maniabilit\u00e9. Elle dispose d&#8217;une surface compos\u00e9e des 3 couches de\u00a0<strong>fibre de verre renforc\u00e9e<\/strong>\u00a0pour plus de durabilit\u00e9.<\/em><\/p>\n<p><em>La puissance et le confort ne sont pas en reste gr\u00e2ce \u00e0 la mousse souple blanche\u00a0<strong>Extra Soft EVA<\/strong>. Elle permet \u00e0 la Piton Nakano d&#8217;\u00eatre tr\u00e8s polyvalente.<\/em><\/p>\n<p><em>Sa masse comprise entre 350 et 365g permet de la manier facilement pour r\u00e9aliser tous les coups du padel, y compris les d\u00e9fenses les plus extr\u00eames.<\/em><\/p>\n<p><em>Elle dispose d&#8217;un manche rallong\u00e9 pour pratiquer plus facilement le\u00a0<strong>revers \u00e0 deux mains<\/strong>.<\/em><\/p>\n<p><em>Son look girly allie le noir \u00e0 des teintes roses et violettes pour un maximum de style sur les pistes de padel.<\/em><\/p>\n<p><em>Nous conseillons la Black Crown Piton Nakano aux joueurs d&#8217;un niveau confirm\u00e9 \u00e0 expert \u00e0 recherche de sensations souples et d&#8217;un bon rapport contr\u00f4le \/ puissance.<\/em><\/p>\n<ul>\n<li><em>Forme ronde avec \u00e9quilibre moyen pour plus de contr\u00f4le et de maniabilit\u00e9<\/em><\/li>\n<li><em>Construction tubulaire 80% carbone pour une frappe solide et stable<\/em><\/li>\n<li><em>Noyau interne en Eva Extra Soft pour plus de confort et de puissance<\/em><\/li>\n<\/ul>\n","protected":false},"excerpt":{"rendered":"<p>La raquette Piton Nakano pr\u00e9sente une forme ronde et un \u00e9quilibre moyen pour offrir pr\u00e9cision et maniabilit\u00e9. Elle dispose d&#8217;une surface compos\u00e9e des 3 couches de\u00a0fibre de verre renforc\u00e9e\u00a0pour plus de durabilit\u00e9. La puissance et le confort ne sont pas en reste gr\u00e2ce \u00e0 la mousse souple blanche\u00a0Extra Soft EVA. Elle permet \u00e0 la Piton [&hellip;]<\/p>\n","protected":false},"featured_media":110279,"comment_status":"open","ping_status":"closed","template":"","meta":[],"product_cat":[786,84],"product_tag":[],"_links":{"self":[{"href":"https:\/\/www.sport4club.be\/index.php\/wp-json\/wp\/v2\/product\/110278"}],"collection":[{"href":"https:\/\/www.sport4club.be\/index.php\/wp-json\/wp\/v2\/product"}],"about":[{"href":"https:\/\/www.sport4club.be\/index.php\/wp-json\/wp\/v2\/types\/product"}],"replies":[{"embeddable":true,"href":"https:\/\/www.sport4club.be\/index.php\/wp-json\/wp\/v2\/comments?post=110278"}],"wp:featuredmedia":[{"embeddable":true,"href":"https:\/\/www.sport4club.be\/index.php\/wp-json\/wp\/v2\/media\/110279"}],"wp:attachment":[{"href":"https:\/\/www.sport4club.be\/index.php\/wp-json\/wp\/v2\/media?parent=110278"}],"wp:term":[{"taxonomy":"product_cat","embeddable":true,"href":"https:\/\/www.sport4club.be\/index.php\/wp-json\/wp\/v2\/product_cat?post=110278"},{"taxonomy":"product_tag","embeddable":true,"href":"https:\/\/www.sport4club.be\/index.php\/wp-json\/wp\/v2\/product_tag?post=110278"}],"curies":[{"name":"wp","href":"https:\/\/api.w.org\/{rel}","templated":true}]}}