{"id":110271,"date":"2023-01-22T12:26:34","date_gmt":"2023-01-22T11:26:34","guid":{"rendered":"https:\/\/www.sport4club.be\/?post_type=product&#038;p=110271"},"modified":"2023-10-31T10:19:32","modified_gmt":"2023-10-31T09:19:32","slug":"black-crown-piton-limited","status":"publish","type":"product","link":"https:\/\/www.sport4club.be\/index.php\/product\/black-crown-piton-limited\/","title":{"rendered":"Black Crown Piton Limited"},"content":{"rendered":"<p>Rendez hommage \u00e0 Black Crown et sa mythique Piton avec la version 10e anniversaire en \u00e9dition limit\u00e9e !<\/p>\n<p>La\u00a0<strong>Piton Limited<\/strong>\u00a0pr\u00e9sente un design noir et or magnifique qui vous d\u00e9marquera sur les pistes de padel.<\/p>\n<p>D&#8217;un point de vue technique, la raquette\u00a0<strong>Piton Limited<\/strong>\u00a0pr\u00e9sente une\u00a0<strong>forme ronde<\/strong>\u00a0avec un \u00e9quilibre moyen pour un\u00a0<strong>bon \u00e9quilibre entre contr\u00f4le et puissance<\/strong>.<\/p>\n<p>Le cadre dispose d&#8217;une conception bi tubulaire EVA compos\u00e9 de carbone \u00e0 80%. La surface est en\u00a0<strong>carbone 3K<\/strong>\u00a0pour allier performance et toucher. Cette version Limited dispose d&#8217;une\u00a0<strong>finition rugueuse<\/strong>\u00a0pour une meilleure accroche de balle et plus de prise d&#8217;effet.<\/p>\n<p>On retrouve les 2 couches de fibre de verre\u00a0<strong>Low Density Piton Glass<\/strong>\u00a0pour plus de puissance et de durabilit\u00e9. La raquette Piton Limited dispose de la mousse\u00a0<strong>SC White EVA<\/strong>\u00a0qui offre un\u00a0<strong>toucher doux<\/strong>\u00a0et un haut niveau de confort.<\/p>\n<ul>\n<li>Forme ronde avec \u00e9quilibre moyen.<\/li>\n<li>Poids de 355 \u00e0 370g<\/li>\n<li>Profil de 38mm.<\/li>\n<li>Noyau interne SC White Eva<\/li>\n<li>Noyau externe Carbone 3K<\/li>\n<\/ul>\n<p>Il s&#8217;agit d&#8217;une raquette polyvalente, parfaite pour les joueurs d&#8217;un niveau confirm\u00e9 \u00e0 pro. Elle dispose d&#8217;une grande zone de frappe pour d\u00e9fendre et d&#8217;une bonne sortie de balle pour attaquer.<\/p>\n","protected":false},"excerpt":{"rendered":"<p>Rendez hommage \u00e0 Black Crown et sa mythique Piton avec la version 10e anniversaire en \u00e9dition limit\u00e9e ! La\u00a0Piton Limited\u00a0pr\u00e9sente un design noir et or magnifique qui vous d\u00e9marquera sur les pistes de padel. D&#8217;un point de vue technique, la raquette\u00a0Piton Limited\u00a0pr\u00e9sente une\u00a0forme ronde\u00a0avec un \u00e9quilibre moyen pour un\u00a0bon \u00e9quilibre entre contr\u00f4le et puissance. Le [&hellip;]<\/p>\n","protected":false},"featured_media":110272,"comment_status":"open","ping_status":"closed","template":"","meta":[],"product_cat":[786,84],"product_tag":[],"_links":{"self":[{"href":"https:\/\/www.sport4club.be\/index.php\/wp-json\/wp\/v2\/product\/110271"}],"collection":[{"href":"https:\/\/www.sport4club.be\/index.php\/wp-json\/wp\/v2\/product"}],"about":[{"href":"https:\/\/www.sport4club.be\/index.php\/wp-json\/wp\/v2\/types\/product"}],"replies":[{"embeddable":true,"href":"https:\/\/www.sport4club.be\/index.php\/wp-json\/wp\/v2\/comments?post=110271"}],"wp:featuredmedia":[{"embeddable":true,"href":"https:\/\/www.sport4club.be\/index.php\/wp-json\/wp\/v2\/media\/110272"}],"wp:attachment":[{"href":"https:\/\/www.sport4club.be\/index.php\/wp-json\/wp\/v2\/media?parent=110271"}],"wp:term":[{"taxonomy":"product_cat","embeddable":true,"href":"https:\/\/www.sport4club.be\/index.php\/wp-json\/wp\/v2\/product_cat?post=110271"},{"taxonomy":"product_tag","embeddable":true,"href":"https:\/\/www.sport4club.be\/index.php\/wp-json\/wp\/v2\/product_tag?post=110271"}],"curies":[{"name":"wp","href":"https:\/\/api.w.org\/{rel}","templated":true}]}}