{"id":110269,"date":"2023-01-22T12:19:43","date_gmt":"2023-01-22T11:19:43","guid":{"rendered":"https:\/\/www.sport4club.be\/?post_type=product&#038;p=110269"},"modified":"2023-10-31T10:25:12","modified_gmt":"2023-10-31T09:25:12","slug":"black-crown-special-soft-2023","status":"publish","type":"product","link":"https:\/\/www.sport4club.be\/index.php\/product\/black-crown-special-soft-2023\/","title":{"rendered":"Black Crown Special Soft 2023"},"content":{"rendered":"<p><em>La\u00a0<strong>raquette Black Crown Special<\/strong>\u00a0<strong>Soft<\/strong>\u00a0est con\u00e7ue pour les joueurs souhaitant atteindre une\u00a0<strong>puissance maximale avec un confort de haut niveau<\/strong>. Sa surface rugueuse\u00a0<strong>sandspin<\/strong>\u00a0permet d&#8217;imprimer des effets plus facilement alors que son sweetspot tr\u00e8s large facilite la puissance m\u00eame en cas de d\u00e9centrage.<\/em><\/p>\n<p><em>Son cadre en carbone 2TB Eva est fabriqu\u00e9 avec le\u00a0<strong>nouveau caoutchouc 3xPlay Eva<\/strong>\u00a0qui se compose de deux duret\u00e9s diff\u00e9rentes. L&#8217;avantage de ces caract\u00e9risques\u00a0<strong>am\u00e9liore le confort\u00a0<\/strong>lors de chaque frappe mais \u00e9galement la zone de centrage.<\/em><\/p>\n<p><em>Enfin, le manche est \u00e9quip\u00e9 de la technologie\u00a0<strong>Ergonomic Handgrip<\/strong>\u00a0afin de mieux ressentir la prise en main et apporter plus de confort.<\/em><\/p>\n<p><em>Cette raquette se destine aux joueurs d&#8217;un bon niveau en recherche de puissance, de confort et de tol\u00e9rance pour d\u00e9border leurs adversaires plus facilement.<\/em><\/p>\n<ul>\n<li><em>Noyau interne en Black Eva.<\/em><\/li>\n<li><em>Cadre tubulaire double en fibre de carbone \u00e0 80%.<\/em><\/li>\n<li><em>Noyau externe Carbon 3K.<\/em><\/li>\n<\/ul>\n","protected":false},"excerpt":{"rendered":"<p>La\u00a0raquette Black Crown Special\u00a0Soft\u00a0est con\u00e7ue pour les joueurs souhaitant atteindre une\u00a0puissance maximale avec un confort de haut niveau. Sa surface rugueuse\u00a0sandspin\u00a0permet d&#8217;imprimer des effets plus facilement alors que son sweetspot tr\u00e8s large facilite la puissance m\u00eame en cas de d\u00e9centrage. Son cadre en carbone 2TB Eva est fabriqu\u00e9 avec le\u00a0nouveau caoutchouc 3xPlay Eva\u00a0qui se compose [&hellip;]<\/p>\n","protected":false},"featured_media":110270,"comment_status":"open","ping_status":"closed","template":"","meta":[],"product_cat":[786,84],"product_tag":[],"_links":{"self":[{"href":"https:\/\/www.sport4club.be\/index.php\/wp-json\/wp\/v2\/product\/110269"}],"collection":[{"href":"https:\/\/www.sport4club.be\/index.php\/wp-json\/wp\/v2\/product"}],"about":[{"href":"https:\/\/www.sport4club.be\/index.php\/wp-json\/wp\/v2\/types\/product"}],"replies":[{"embeddable":true,"href":"https:\/\/www.sport4club.be\/index.php\/wp-json\/wp\/v2\/comments?post=110269"}],"wp:featuredmedia":[{"embeddable":true,"href":"https:\/\/www.sport4club.be\/index.php\/wp-json\/wp\/v2\/media\/110270"}],"wp:attachment":[{"href":"https:\/\/www.sport4club.be\/index.php\/wp-json\/wp\/v2\/media?parent=110269"}],"wp:term":[{"taxonomy":"product_cat","embeddable":true,"href":"https:\/\/www.sport4club.be\/index.php\/wp-json\/wp\/v2\/product_cat?post=110269"},{"taxonomy":"product_tag","embeddable":true,"href":"https:\/\/www.sport4club.be\/index.php\/wp-json\/wp\/v2\/product_tag?post=110269"}],"curies":[{"name":"wp","href":"https:\/\/api.w.org\/{rel}","templated":true}]}}