{"id":110267,"date":"2023-01-22T11:53:05","date_gmt":"2023-01-22T10:53:05","guid":{"rendered":"https:\/\/www.sport4club.be\/?post_type=product&#038;p=110267"},"modified":"2023-10-31T10:24:03","modified_gmt":"2023-10-31T09:24:03","slug":"black-crown-special-16k-2023","status":"publish","type":"product","link":"https:\/\/www.sport4club.be\/index.php\/product\/black-crown-special-16k-2023\/","title":{"rendered":"Black Crown Special 16K 2023"},"content":{"rendered":"<p><em>Rentrons dans le vif du sujet avec cette\u00a0<strong>raquette Black Crown Special 16k<\/strong>\u00a0qui vous offrira une grande puissance sur chacune de vos frappes. Sa surface rugueuse vous permettra d&#8217;imprimer plus d&#8217;effets pour des bandeja plus efficaces.<\/em><\/p>\n<p><em>Sa mousse en Super SC Eva cumul\u00e9 \u00e0 sa surface en fibre de carbone 16K offrent une fermet\u00e9 suppl\u00e9mentaire pour un gain en vitesse sur chaque frappe.<\/em><\/p>\n<p><em>Cette raquette se destine principalement aux joueurs d&#8217;un niveau avanc\u00e9 en recherche de puissance et de pr\u00e9cision. Cette Special 16k facilitera les par 3 et par 4.<\/em><\/p>\n<ul>\n<li><em>Noyau interne en Black Eva.<\/em><\/li>\n<li><em>Cadre tubulaire double en fibre de carbone \u00e0 80%.<\/em><\/li>\n<li><em>Noyau externe Carbone 16K.<\/em><\/li>\n<\/ul>\n","protected":false},"excerpt":{"rendered":"<p>Rentrons dans le vif du sujet avec cette\u00a0raquette Black Crown Special 16k\u00a0qui vous offrira une grande puissance sur chacune de vos frappes. Sa surface rugueuse vous permettra d&#8217;imprimer plus d&#8217;effets pour des bandeja plus efficaces. Sa mousse en Super SC Eva cumul\u00e9 \u00e0 sa surface en fibre de carbone 16K offrent une fermet\u00e9 suppl\u00e9mentaire pour [&hellip;]<\/p>\n","protected":false},"featured_media":110268,"comment_status":"open","ping_status":"closed","template":"","meta":[],"product_cat":[786,84],"product_tag":[],"_links":{"self":[{"href":"https:\/\/www.sport4club.be\/index.php\/wp-json\/wp\/v2\/product\/110267"}],"collection":[{"href":"https:\/\/www.sport4club.be\/index.php\/wp-json\/wp\/v2\/product"}],"about":[{"href":"https:\/\/www.sport4club.be\/index.php\/wp-json\/wp\/v2\/types\/product"}],"replies":[{"embeddable":true,"href":"https:\/\/www.sport4club.be\/index.php\/wp-json\/wp\/v2\/comments?post=110267"}],"wp:featuredmedia":[{"embeddable":true,"href":"https:\/\/www.sport4club.be\/index.php\/wp-json\/wp\/v2\/media\/110268"}],"wp:attachment":[{"href":"https:\/\/www.sport4club.be\/index.php\/wp-json\/wp\/v2\/media?parent=110267"}],"wp:term":[{"taxonomy":"product_cat","embeddable":true,"href":"https:\/\/www.sport4club.be\/index.php\/wp-json\/wp\/v2\/product_cat?post=110267"},{"taxonomy":"product_tag","embeddable":true,"href":"https:\/\/www.sport4club.be\/index.php\/wp-json\/wp\/v2\/product_tag?post=110267"}],"curies":[{"name":"wp","href":"https:\/\/api.w.org\/{rel}","templated":true}]}}