{"id":110265,"date":"2023-01-22T11:47:27","date_gmt":"2023-01-22T10:47:27","guid":{"rendered":"https:\/\/www.sport4club.be\/?post_type=product&#038;p=110265"},"modified":"2023-07-28T10:35:27","modified_gmt":"2023-07-28T08:35:27","slug":"black-crown-piton-attack-16k-2023","status":"publish","type":"product","link":"https:\/\/www.sport4club.be\/index.php\/product\/black-crown-piton-attack-16k-2023\/","title":{"rendered":"Black Crown Piton Attack 16K+ 2023"},"content":{"rendered":"<p><em>La toute\u00a0<strong>nouvelle raquette de padel Black Crown Pitton Attack 16k+<\/strong>\u00a0dispose d&#8217;une forme en goutte d&#8217;eau et d&#8217;une surface rugueuse pour transmettre plus d&#8217;effets \u00e0 la balle. La face carbone 16k apportera une duret\u00e9 suppl\u00e9mentaire pour gagner en puissance.<\/em><\/p>\n<p><em>Sa mousse en Eva Super Soft permet un\u00a0<strong>gain en confort consid\u00e9rable<\/strong>\u00a0par rapport aux raquettes concurrentes. L&#8217;autre avantage est qu&#8217;elle offre un sweetspot plus large et pardonne donc plus facilement les erreurs de centrage.<\/em><\/p>\n<p><em>Nous avons not\u00e9 que cette raquette procurait tout de m\u00eame un bon niveau de contr\u00f4le. Elle ne vous offrira pas tout simplement que de la puissance mais la pr\u00e9cision sera \u00e9galement de la partie.<\/em><\/p>\n<p><em>Nous conseillons cette raquette aux joueurs d&#8217;un niveau avanc\u00e9 qui recherchent de la puissance, du confort et de la tol\u00e9rance.<\/em><\/p>\n<ul>\n<li><em>Noyau interne en mousse EVA Super Soft.<\/em><\/li>\n<li><em>Noyau externe en carbone16k pour une meilleure puissance et un toucher plus ferme.<\/em><\/li>\n<li><em>Technologie ERGONOMIC HANDGRIP pour une meilleur prise en main et plus de confort.<\/em><\/li>\n<\/ul>\n","protected":false},"excerpt":{"rendered":"<p>La toute\u00a0nouvelle raquette de padel Black Crown Pitton Attack 16k+\u00a0dispose d&#8217;une forme en goutte d&#8217;eau et d&#8217;une surface rugueuse pour transmettre plus d&#8217;effets \u00e0 la balle. La face carbone 16k apportera une duret\u00e9 suppl\u00e9mentaire pour gagner en puissance. Sa mousse en Eva Super Soft permet un\u00a0gain en confort consid\u00e9rable\u00a0par rapport aux raquettes concurrentes. L&#8217;autre avantage [&hellip;]<\/p>\n","protected":false},"featured_media":110266,"comment_status":"open","ping_status":"closed","template":"","meta":[],"product_cat":[786,84],"product_tag":[],"_links":{"self":[{"href":"https:\/\/www.sport4club.be\/index.php\/wp-json\/wp\/v2\/product\/110265"}],"collection":[{"href":"https:\/\/www.sport4club.be\/index.php\/wp-json\/wp\/v2\/product"}],"about":[{"href":"https:\/\/www.sport4club.be\/index.php\/wp-json\/wp\/v2\/types\/product"}],"replies":[{"embeddable":true,"href":"https:\/\/www.sport4club.be\/index.php\/wp-json\/wp\/v2\/comments?post=110265"}],"wp:featuredmedia":[{"embeddable":true,"href":"https:\/\/www.sport4club.be\/index.php\/wp-json\/wp\/v2\/media\/110266"}],"wp:attachment":[{"href":"https:\/\/www.sport4club.be\/index.php\/wp-json\/wp\/v2\/media?parent=110265"}],"wp:term":[{"taxonomy":"product_cat","embeddable":true,"href":"https:\/\/www.sport4club.be\/index.php\/wp-json\/wp\/v2\/product_cat?post=110265"},{"taxonomy":"product_tag","embeddable":true,"href":"https:\/\/www.sport4club.be\/index.php\/wp-json\/wp\/v2\/product_tag?post=110265"}],"curies":[{"name":"wp","href":"https:\/\/api.w.org\/{rel}","templated":true}]}}