{"id":110261,"date":"2023-01-22T11:40:58","date_gmt":"2023-01-22T10:40:58","guid":{"rendered":"https:\/\/www.sport4club.be\/?post_type=product&#038;p=110261"},"modified":"2023-10-31T10:12:27","modified_gmt":"2023-10-31T09:12:27","slug":"black-crown-piton-11-soft-2023","status":"publish","type":"product","link":"https:\/\/www.sport4club.be\/index.php\/product\/black-crown-piton-11-soft-2023\/","title":{"rendered":"Black Crown Piton 11 Soft 2023"},"content":{"rendered":"<p><em>La raquette Black Crown Piton 11 Soft marque un int\u00e9r\u00eat particulier pour les joueurs qui aiment jouer en toucher. Avec sa souplesse, vous pourrez distiller de magnifiques amorties mais \u00e9galement trouver des zones plus facilement. Particuli\u00e8rement confortable et tol\u00e9rante, elle pardonne facilement les erreurs de centrage et permettra \u00e0 la balle de repartir rapidement.<\/em><\/p>\n<p><em>Plus r\u00e9sistante que la moyenne gr\u00e2ce \u00e0 une construction carbone \u00e0 80%, celle Piton 11 Soft va ravir les joueurs en qu\u00eate de progression.<\/em><\/p>\n<p><em>De plus sa surface externe 3K rugueuse vous permettra d&#8217;imprimer plus facilement des effets.<\/em><\/p>\n<ul>\n<li><em>Construction tubulaire 80% carbone pour une frappe solide et stable.<\/em><\/li>\n<li><em>Mousse Power Soft Memory EVA<\/em><\/li>\n<li><em>Surface en carbone 3k pour plus de confort.<\/em><\/li>\n<\/ul>\n","protected":false},"excerpt":{"rendered":"<p>La raquette Black Crown Piton 11 Soft marque un int\u00e9r\u00eat particulier pour les joueurs qui aiment jouer en toucher. Avec sa souplesse, vous pourrez distiller de magnifiques amorties mais \u00e9galement trouver des zones plus facilement. Particuli\u00e8rement confortable et tol\u00e9rante, elle pardonne facilement les erreurs de centrage et permettra \u00e0 la balle de repartir rapidement. Plus [&hellip;]<\/p>\n","protected":false},"featured_media":110262,"comment_status":"open","ping_status":"closed","template":"","meta":[],"product_cat":[786,84],"product_tag":[],"_links":{"self":[{"href":"https:\/\/www.sport4club.be\/index.php\/wp-json\/wp\/v2\/product\/110261"}],"collection":[{"href":"https:\/\/www.sport4club.be\/index.php\/wp-json\/wp\/v2\/product"}],"about":[{"href":"https:\/\/www.sport4club.be\/index.php\/wp-json\/wp\/v2\/types\/product"}],"replies":[{"embeddable":true,"href":"https:\/\/www.sport4club.be\/index.php\/wp-json\/wp\/v2\/comments?post=110261"}],"wp:featuredmedia":[{"embeddable":true,"href":"https:\/\/www.sport4club.be\/index.php\/wp-json\/wp\/v2\/media\/110262"}],"wp:attachment":[{"href":"https:\/\/www.sport4club.be\/index.php\/wp-json\/wp\/v2\/media?parent=110261"}],"wp:term":[{"taxonomy":"product_cat","embeddable":true,"href":"https:\/\/www.sport4club.be\/index.php\/wp-json\/wp\/v2\/product_cat?post=110261"},{"taxonomy":"product_tag","embeddable":true,"href":"https:\/\/www.sport4club.be\/index.php\/wp-json\/wp\/v2\/product_tag?post=110261"}],"curies":[{"name":"wp","href":"https:\/\/api.w.org\/{rel}","templated":true}]}}