{"id":110256,"date":"2023-01-22T11:25:38","date_gmt":"2023-01-22T10:25:38","guid":{"rendered":"https:\/\/www.sport4club.be\/?post_type=product&#038;p=110256"},"modified":"2023-10-31T10:11:26","modified_gmt":"2023-10-31T09:11:26","slug":"black-crown-piton-11","status":"publish","type":"product","link":"https:\/\/www.sport4club.be\/index.php\/product\/black-crown-piton-11\/","title":{"rendered":"Black Crown Piton 11 2023"},"content":{"rendered":"<p><em>D\u00e9couvrez la nouvelle version du moule mythique Black Crown : la Piton 11 !<\/em><\/p>\n<p><em>Cette\u00a0<strong>raquette Piton 11<\/strong>\u00a0dispose d&#8217;une\u00a0<strong>forme ronde<\/strong>\u00a0ainsi qu&#8217;un bon \u00e9quilibre entre puissance et contr\u00f4le. Sp\u00e9cialement con\u00e7ue pour les joueurs d&#8217;un niveau avanc\u00e9, cette pala offre des\u00a0<strong>sensations remarquables<\/strong>\u00a0gr\u00e2ce \u00e0 un toucher ferme. La tol\u00e9rance est le point fort de cette raquette, car m\u00eame en cas de d\u00e9centrage, le cadre r\u00e9agit bien et reste toujours confortable.<\/em><\/p>\n<ul>\n<li><em>Noyau interne en Power Soft Memory White Eva pour un toucher ferme.<\/em><\/li>\n<li><em>Noyau externe en carbone 3K avec 2 couches de Low Density Piton Glass<\/em><\/li>\n<\/ul>\n<p><em>Il s&#8217;agit d&#8217;une raquette tr\u00e8s polyvalente pour le joueur avanc\u00e9 qui aime r\u00e9aliser des coups techniques et pr\u00e9cis avec un bon \u00e9quilibre entre puissance et contr\u00f4le.<\/em><\/p>\n","protected":false},"excerpt":{"rendered":"<p>D\u00e9couvrez la nouvelle version du moule mythique Black Crown : la Piton 11 ! Cette\u00a0raquette Piton 11\u00a0dispose d&#8217;une\u00a0forme ronde\u00a0ainsi qu&#8217;un bon \u00e9quilibre entre puissance et contr\u00f4le. Sp\u00e9cialement con\u00e7ue pour les joueurs d&#8217;un niveau avanc\u00e9, cette pala offre des\u00a0sensations remarquables\u00a0gr\u00e2ce \u00e0 un toucher ferme. La tol\u00e9rance est le point fort de cette raquette, car m\u00eame en [&hellip;]<\/p>\n","protected":false},"featured_media":110257,"comment_status":"open","ping_status":"closed","template":"","meta":[],"product_cat":[786,84],"product_tag":[],"_links":{"self":[{"href":"https:\/\/www.sport4club.be\/index.php\/wp-json\/wp\/v2\/product\/110256"}],"collection":[{"href":"https:\/\/www.sport4club.be\/index.php\/wp-json\/wp\/v2\/product"}],"about":[{"href":"https:\/\/www.sport4club.be\/index.php\/wp-json\/wp\/v2\/types\/product"}],"replies":[{"embeddable":true,"href":"https:\/\/www.sport4club.be\/index.php\/wp-json\/wp\/v2\/comments?post=110256"}],"wp:featuredmedia":[{"embeddable":true,"href":"https:\/\/www.sport4club.be\/index.php\/wp-json\/wp\/v2\/media\/110257"}],"wp:attachment":[{"href":"https:\/\/www.sport4club.be\/index.php\/wp-json\/wp\/v2\/media?parent=110256"}],"wp:term":[{"taxonomy":"product_cat","embeddable":true,"href":"https:\/\/www.sport4club.be\/index.php\/wp-json\/wp\/v2\/product_cat?post=110256"},{"taxonomy":"product_tag","embeddable":true,"href":"https:\/\/www.sport4club.be\/index.php\/wp-json\/wp\/v2\/product_tag?post=110256"}],"curies":[{"name":"wp","href":"https:\/\/api.w.org\/{rel}","templated":true}]}}