{"id":110227,"date":"2023-01-05T12:36:54","date_gmt":"2023-01-05T11:36:54","guid":{"rendered":"https:\/\/www.sport4club.be\/?post_type=product&#038;p=110227"},"modified":"2023-09-08T07:46:21","modified_gmt":"2023-09-08T05:46:21","slug":"wilson-padel-speed-24x3balles","status":"publish","type":"product","link":"https:\/\/www.sport4club.be\/index.php\/product\/wilson-padel-speed-24x3balles\/","title":{"rendered":"Wilson Padel Speed 24x3balles"},"content":{"rendered":"<p><em>Conditionn\u00e9e en carton de 24 tubes de 3, la balle Wilson Padel X3 Speed a \u00e9t\u00e9 pens\u00e9e pour r\u00e9pondre aux attentes des joueurs en mati\u00e8re de performance en alliant vivacit\u00e9, jouabilit\u00e9 et r\u00e9sistance. Elle a sp\u00e9cialement \u00e9t\u00e9 con\u00e7ue pour apporter de la vitesse sur les courts de padel. Le\u00a0<strong>feutre Dura-Weave<\/strong>\u00a0pr\u00e9sent sur la balle permet une excellente tenue du logo et maintien durable des performances .<\/em><\/p>\n<p><em>Wilson a \u00e9galement mis\u00e9 sur un\u00a0<strong>emballage ecofriendly<\/strong>, puisque l&#8217;emballage est enti\u00e8rement recyclable et le capuchon permet de r\u00e9duire de moiti\u00e9 les d\u00e9chets plastiques. Ce capuchon emp\u00eachera tout de m\u00eame les balles Wilson Padel X3 Speed de tomber pour tous les joueurs souhaitant r\u00e9utiliser le tube.<\/em><\/p>\n","protected":false},"excerpt":{"rendered":"<p>Conditionn\u00e9e en carton de 24 tubes de 3, la balle Wilson Padel X3 Speed a \u00e9t\u00e9 pens\u00e9e pour r\u00e9pondre aux attentes des joueurs en mati\u00e8re de performance en alliant vivacit\u00e9, jouabilit\u00e9 et r\u00e9sistance. Elle a sp\u00e9cialement \u00e9t\u00e9 con\u00e7ue pour apporter de la vitesse sur les courts de padel. Le\u00a0feutre Dura-Weave\u00a0pr\u00e9sent sur la balle permet une [&hellip;]<\/p>\n","protected":false},"featured_media":110228,"comment_status":"open","ping_status":"closed","template":"","meta":[],"product_cat":[88],"product_tag":[],"_links":{"self":[{"href":"https:\/\/www.sport4club.be\/index.php\/wp-json\/wp\/v2\/product\/110227"}],"collection":[{"href":"https:\/\/www.sport4club.be\/index.php\/wp-json\/wp\/v2\/product"}],"about":[{"href":"https:\/\/www.sport4club.be\/index.php\/wp-json\/wp\/v2\/types\/product"}],"replies":[{"embeddable":true,"href":"https:\/\/www.sport4club.be\/index.php\/wp-json\/wp\/v2\/comments?post=110227"}],"wp:featuredmedia":[{"embeddable":true,"href":"https:\/\/www.sport4club.be\/index.php\/wp-json\/wp\/v2\/media\/110228"}],"wp:attachment":[{"href":"https:\/\/www.sport4club.be\/index.php\/wp-json\/wp\/v2\/media?parent=110227"}],"wp:term":[{"taxonomy":"product_cat","embeddable":true,"href":"https:\/\/www.sport4club.be\/index.php\/wp-json\/wp\/v2\/product_cat?post=110227"},{"taxonomy":"product_tag","embeddable":true,"href":"https:\/\/www.sport4club.be\/index.php\/wp-json\/wp\/v2\/product_tag?post=110227"}],"curies":[{"name":"wp","href":"https:\/\/api.w.org\/{rel}","templated":true}]}}