{"id":110225,"date":"2023-01-05T12:32:42","date_gmt":"2023-01-05T11:32:42","guid":{"rendered":"https:\/\/www.sport4club.be\/?post_type=product&#038;p=110225"},"modified":"2023-01-05T12:32:42","modified_gmt":"2023-01-05T11:32:42","slug":"wilson-padel-speed-x3balles","status":"publish","type":"product","link":"https:\/\/www.sport4club.be\/index.php\/product\/wilson-padel-speed-x3balles\/","title":{"rendered":"Wilson Padel Speed x3balles"},"content":{"rendered":"<p><em>La balle Wilson Padel Speed X3 a \u00e9t\u00e9 pens\u00e9e pour r\u00e9pondre aux attentes des joueurs en mati\u00e8re de performance en alliant vivacit\u00e9, jouabilit\u00e9 et r\u00e9sistance. Elle a sp\u00e9cialement \u00e9t\u00e9 con\u00e7ue pour apporter de la vitesse sur les courts de padel. Le\u00a0<strong>feutre Dura-Weave<\/strong>\u00a0pr\u00e9sent sur la balle permet une excellente tenue du logo et maintien durable des performances .<\/em><\/p>\n<p><em>Wilson a \u00e9galement mis\u00e9 sur un\u00a0<strong>emballage ecofriendly<\/strong>, puisque celui-ci est enti\u00e8rement recyclable et le capuchon permet de r\u00e9duire de moiti\u00e9 les d\u00e9chets plastiques. Ce capuchon emp\u00eachera tout de m\u00eame les balles Wilson Padel Speed X3 de tomber pour tous les joueurs souhaitant r\u00e9utiliser le tube.<\/em><\/p>\n","protected":false},"excerpt":{"rendered":"<p>La balle Wilson Padel Speed X3 a \u00e9t\u00e9 pens\u00e9e pour r\u00e9pondre aux attentes des joueurs en mati\u00e8re de performance en alliant vivacit\u00e9, jouabilit\u00e9 et r\u00e9sistance. Elle a sp\u00e9cialement \u00e9t\u00e9 con\u00e7ue pour apporter de la vitesse sur les courts de padel. Le\u00a0feutre Dura-Weave\u00a0pr\u00e9sent sur la balle permet une excellente tenue du logo et maintien durable des [&hellip;]<\/p>\n","protected":false},"featured_media":110226,"comment_status":"open","ping_status":"closed","template":"","meta":[],"product_cat":[88],"product_tag":[],"_links":{"self":[{"href":"https:\/\/www.sport4club.be\/index.php\/wp-json\/wp\/v2\/product\/110225"}],"collection":[{"href":"https:\/\/www.sport4club.be\/index.php\/wp-json\/wp\/v2\/product"}],"about":[{"href":"https:\/\/www.sport4club.be\/index.php\/wp-json\/wp\/v2\/types\/product"}],"replies":[{"embeddable":true,"href":"https:\/\/www.sport4club.be\/index.php\/wp-json\/wp\/v2\/comments?post=110225"}],"wp:featuredmedia":[{"embeddable":true,"href":"https:\/\/www.sport4club.be\/index.php\/wp-json\/wp\/v2\/media\/110226"}],"wp:attachment":[{"href":"https:\/\/www.sport4club.be\/index.php\/wp-json\/wp\/v2\/media?parent=110225"}],"wp:term":[{"taxonomy":"product_cat","embeddable":true,"href":"https:\/\/www.sport4club.be\/index.php\/wp-json\/wp\/v2\/product_cat?post=110225"},{"taxonomy":"product_tag","embeddable":true,"href":"https:\/\/www.sport4club.be\/index.php\/wp-json\/wp\/v2\/product_tag?post=110225"}],"curies":[{"name":"wp","href":"https:\/\/api.w.org\/{rel}","templated":true}]}}