{"id":110220,"date":"2023-01-05T12:18:52","date_gmt":"2023-01-05T11:18:52","guid":{"rendered":"https:\/\/www.sport4club.be\/?post_type=product&#038;p=110220"},"modified":"2024-08-21T16:57:00","modified_gmt":"2024-08-21T14:57:00","slug":"tecnifibre-padel-team-24x3balles","status":"publish","type":"product","link":"https:\/\/www.sport4club.be\/index.php\/product\/tecnifibre-padel-team-24x3balles\/","title":{"rendered":"Tecnifibre Padel Team 24x3balles"},"content":{"rendered":"<p>Les balles de Padel Tecnifibre Padel Team sont reconnues pour leur haute qualit\u00e9 et leur performance constante. Elles sont pressuris\u00e9es pour offrir un rebond r\u00e9gulier et une jouabilit\u00e9 optimale. De plus, leur durabilit\u00e9 les rend adapt\u00e9es pour des entra\u00eenements r\u00e9guliers et intensifs.<\/p>\n<p>Le carton de 24 tubes de 3 balles de Padel Tecnifibre Padel Team est un choix avantageux pour votre budget. En achetant ce carton, vous obtenez un total de\u00a0<strong>72 balles<\/strong>\u00a0de haute qualit\u00e9 \u00e0 un prix abordable. Vous pouvez donc vous entra\u00eener r\u00e9guli\u00e8rement sans vous soucier de l&#8217;usure de vos balles et r\u00e9aliser des \u00e9conomies substantielles sur votre budget de Padel.<\/p>\n<p>En optant pour le carton de 24 tubes de 3 balles Tecnifibre Padel Team, vous \u00eates s\u00fbr de vous entra\u00eener avec les meilleures balles de Padel du march\u00e9. Leur qualit\u00e9 et leur performance constante vous garantissent une exp\u00e9rience de jeu optimale, et leur durabilit\u00e9 vous permet de les utiliser pour des entra\u00eenements r\u00e9guliers sans les remplacer trop souvent.<\/p>\n<p>N&#8217;attendez plus et optimisez vos entra\u00eenements de Padel en achetant le carton de 24 tubes de 3 balles Tecnifibre Padel Team.<\/p>\n","protected":false},"excerpt":{"rendered":"<p>Les balles de Padel Tecnifibre Padel Team sont reconnues pour leur haute qualit\u00e9 et leur performance constante. Elles sont pressuris\u00e9es pour offrir un rebond r\u00e9gulier et une jouabilit\u00e9 optimale. De plus, leur durabilit\u00e9 les rend adapt\u00e9es pour des entra\u00eenements r\u00e9guliers et intensifs. Le carton de 24 tubes de 3 balles de Padel Tecnifibre Padel Team [&hellip;]<\/p>\n","protected":false},"featured_media":110221,"comment_status":"open","ping_status":"closed","template":"","meta":[],"product_cat":[88],"product_tag":[],"_links":{"self":[{"href":"https:\/\/www.sport4club.be\/index.php\/wp-json\/wp\/v2\/product\/110220"}],"collection":[{"href":"https:\/\/www.sport4club.be\/index.php\/wp-json\/wp\/v2\/product"}],"about":[{"href":"https:\/\/www.sport4club.be\/index.php\/wp-json\/wp\/v2\/types\/product"}],"replies":[{"embeddable":true,"href":"https:\/\/www.sport4club.be\/index.php\/wp-json\/wp\/v2\/comments?post=110220"}],"wp:featuredmedia":[{"embeddable":true,"href":"https:\/\/www.sport4club.be\/index.php\/wp-json\/wp\/v2\/media\/110221"}],"wp:attachment":[{"href":"https:\/\/www.sport4club.be\/index.php\/wp-json\/wp\/v2\/media?parent=110220"}],"wp:term":[{"taxonomy":"product_cat","embeddable":true,"href":"https:\/\/www.sport4club.be\/index.php\/wp-json\/wp\/v2\/product_cat?post=110220"},{"taxonomy":"product_tag","embeddable":true,"href":"https:\/\/www.sport4club.be\/index.php\/wp-json\/wp\/v2\/product_tag?post=110220"}],"curies":[{"name":"wp","href":"https:\/\/api.w.org\/{rel}","templated":true}]}}