{"id":110218,"date":"2023-01-05T12:16:08","date_gmt":"2023-01-05T11:16:08","guid":{"rendered":"https:\/\/www.sport4club.be\/?post_type=product&#038;p=110218"},"modified":"2024-08-21T16:56:41","modified_gmt":"2024-08-21T14:56:41","slug":"tecnifibre-padel-team-x3balles","status":"publish","type":"product","link":"https:\/\/www.sport4club.be\/index.php\/product\/tecnifibre-padel-team-x3balles\/","title":{"rendered":"Tecnifibre Padel Team x3balles"},"content":{"rendered":"<p>Les balles de Padel Tecnifibre Padel Team sont des balles de haute qualit\u00e9 con\u00e7ues pour r\u00e9pondre aux exigences des joueurs de tous niveaux. Leur conception pressuris\u00e9e offre un rebond r\u00e9gulier pour une jouabilit\u00e9 optimale. De plus, leur durabilit\u00e9 en fait des balles adapt\u00e9es pour des entra\u00eenements r\u00e9guliers.<\/p>\n<p>En choisissant les balles de Padel Tecnifibre Padel Team en tube de 3, vous optez pour un choix de confiance pour votre entra\u00eenement. Ces balles sont appr\u00e9ci\u00e9es des joueurs professionnels et amateurs pour leur qualit\u00e9 sup\u00e9rieure et leur performance constante. Vous pouvez donc vous entra\u00eener en toute confiance en sachant que vous utilisez les meilleures balles de Padel du march\u00e9.<\/p>\n<p>Ne laissez pas le choix de vos balles au hasard et optez pour les Tecnifibre Padel Team en tube de 3 pour une exp\u00e9rience de jeu optimale. Vous ne serez pas d\u00e9\u00e7u par leur qualit\u00e9 et leur performance lors de vos entra\u00eenements de Padel.<\/p>\n","protected":false},"excerpt":{"rendered":"<p>Les balles de Padel Tecnifibre Padel Team sont des balles de haute qualit\u00e9 con\u00e7ues pour r\u00e9pondre aux exigences des joueurs de tous niveaux. Leur conception pressuris\u00e9e offre un rebond r\u00e9gulier pour une jouabilit\u00e9 optimale. De plus, leur durabilit\u00e9 en fait des balles adapt\u00e9es pour des entra\u00eenements r\u00e9guliers. En choisissant les balles de Padel Tecnifibre Padel [&hellip;]<\/p>\n","protected":false},"featured_media":110219,"comment_status":"open","ping_status":"closed","template":"","meta":[],"product_cat":[88],"product_tag":[],"_links":{"self":[{"href":"https:\/\/www.sport4club.be\/index.php\/wp-json\/wp\/v2\/product\/110218"}],"collection":[{"href":"https:\/\/www.sport4club.be\/index.php\/wp-json\/wp\/v2\/product"}],"about":[{"href":"https:\/\/www.sport4club.be\/index.php\/wp-json\/wp\/v2\/types\/product"}],"replies":[{"embeddable":true,"href":"https:\/\/www.sport4club.be\/index.php\/wp-json\/wp\/v2\/comments?post=110218"}],"wp:featuredmedia":[{"embeddable":true,"href":"https:\/\/www.sport4club.be\/index.php\/wp-json\/wp\/v2\/media\/110219"}],"wp:attachment":[{"href":"https:\/\/www.sport4club.be\/index.php\/wp-json\/wp\/v2\/media?parent=110218"}],"wp:term":[{"taxonomy":"product_cat","embeddable":true,"href":"https:\/\/www.sport4club.be\/index.php\/wp-json\/wp\/v2\/product_cat?post=110218"},{"taxonomy":"product_tag","embeddable":true,"href":"https:\/\/www.sport4club.be\/index.php\/wp-json\/wp\/v2\/product_tag?post=110218"}],"curies":[{"name":"wp","href":"https:\/\/api.w.org\/{rel}","templated":true}]}}