{"id":110216,"date":"2023-01-05T12:13:10","date_gmt":"2023-01-05T11:13:10","guid":{"rendered":"https:\/\/www.sport4club.be\/?post_type=product&#038;p=110216"},"modified":"2024-08-21T16:59:01","modified_gmt":"2024-08-21T14:59:01","slug":"tecnifibre-padel-tour-24x3balles","status":"publish","type":"product","link":"https:\/\/www.sport4club.be\/index.php\/product\/tecnifibre-padel-tour-24x3balles\/","title":{"rendered":"Tecnifibre PADEL Tour 24x3balles"},"content":{"rendered":"<p>Si vous recherchez des balles de padel adapt\u00e9es \u00e0 vos entra\u00eenements et offrant un rebond r\u00e9gulier, les balles de padel Tecnifibre Padel Tour sont faites pour vous. Gr\u00e2ce \u00e0 leur pression constante, ces balles offrent un excellent rebond, pour des \u00e9changes plus fluides et plus techniques.<\/p>\n<p>Ces balles sont \u00e9galement tr\u00e8s durables, pour r\u00e9sister aux entra\u00eenements r\u00e9guliers et aux frappes intenses. Elles vous permettent ainsi de vous entra\u00eener avec des balles de qualit\u00e9, pour am\u00e9liorer votre technique et vos performances sur le court.<\/p>\n<p>Pour vous \u00e9quiper en quantit\u00e9, optez pour le\u00a0carton de 24 tubes de 3 balles Tecnifibre Padel Tour. Vous aurez ainsi suffisamment de balles pour vos entra\u00eenements, pour profiter de leur qualit\u00e9 sup\u00e9rieure \u00e0 chaque \u00e9change.<\/p>\n","protected":false},"excerpt":{"rendered":"<p>Si vous recherchez des balles de padel adapt\u00e9es \u00e0 vos entra\u00eenements et offrant un rebond r\u00e9gulier, les balles de padel Tecnifibre Padel Tour sont faites pour vous. Gr\u00e2ce \u00e0 leur pression constante, ces balles offrent un excellent rebond, pour des \u00e9changes plus fluides et plus techniques. Ces balles sont \u00e9galement tr\u00e8s durables, pour r\u00e9sister aux [&hellip;]<\/p>\n","protected":false},"featured_media":110217,"comment_status":"open","ping_status":"closed","template":"","meta":[],"product_cat":[88],"product_tag":[],"_links":{"self":[{"href":"https:\/\/www.sport4club.be\/index.php\/wp-json\/wp\/v2\/product\/110216"}],"collection":[{"href":"https:\/\/www.sport4club.be\/index.php\/wp-json\/wp\/v2\/product"}],"about":[{"href":"https:\/\/www.sport4club.be\/index.php\/wp-json\/wp\/v2\/types\/product"}],"replies":[{"embeddable":true,"href":"https:\/\/www.sport4club.be\/index.php\/wp-json\/wp\/v2\/comments?post=110216"}],"wp:featuredmedia":[{"embeddable":true,"href":"https:\/\/www.sport4club.be\/index.php\/wp-json\/wp\/v2\/media\/110217"}],"wp:attachment":[{"href":"https:\/\/www.sport4club.be\/index.php\/wp-json\/wp\/v2\/media?parent=110216"}],"wp:term":[{"taxonomy":"product_cat","embeddable":true,"href":"https:\/\/www.sport4club.be\/index.php\/wp-json\/wp\/v2\/product_cat?post=110216"},{"taxonomy":"product_tag","embeddable":true,"href":"https:\/\/www.sport4club.be\/index.php\/wp-json\/wp\/v2\/product_tag?post=110216"}],"curies":[{"name":"wp","href":"https:\/\/api.w.org\/{rel}","templated":true}]}}