{"id":110214,"date":"2023-01-05T12:09:23","date_gmt":"2023-01-05T11:09:23","guid":{"rendered":"https:\/\/www.sport4club.be\/?post_type=product&#038;p=110214"},"modified":"2024-08-21T17:00:44","modified_gmt":"2024-08-21T15:00:44","slug":"tecnifibre-padel-tour-x3balles","status":"publish","type":"product","link":"https:\/\/www.sport4club.be\/index.php\/product\/tecnifibre-padel-tour-x3balles\/","title":{"rendered":"Tecnifibre Padel Tour x3balles"},"content":{"rendered":"<p>Les balles de Padel Tecnifibre Padel Tour en tube de 3 sont des balles haut de gamme con\u00e7ues pour r\u00e9pondre aux exigences des joueurs les plus exigeants. Leur qualit\u00e9 de fabrication assure une jouabilit\u00e9 optimale et un rebond vif et r\u00e9gulier, ce qui les rend parfaites pour les matchs et comp\u00e9titions de Padel.<\/p>\n<p>Les balles de Padel Tecnifibre Padel Tour en tube de 3 sont homologu\u00e9es par les principales f\u00e9d\u00e9rations de Padel, ce qui t\u00e9moigne de leur qualit\u00e9 et de leur fiabilit\u00e9. Vous pouvez donc jouer vos matchs et comp\u00e9titions de Padel en toute confiance avec ces balles, en sachant qu&#8217;elles ont \u00e9t\u00e9 approuv\u00e9es par des autorit\u00e9s reconnues dans le monde du Padel.<\/p>\n<p>En choisissant les balles de Padel Tecnifibre Padel Tour en tube de 3, vous optez pour la qualit\u00e9 et la performance sup\u00e9rieures. Vous pourrez profiter de matchs endiabl\u00e9s sur les pistes, avec une balle qui prend bien les effets et assure une jouabilit\u00e9 optimale.<\/p>\n<p>Ne laissez pas le choix de vos balles au hasard et optez pour les Tecnifibre Padel Tour en tube de 3 pour une exp\u00e9rience de jeu optimale lors de vos matchs et comp\u00e9titions de Padel.<\/p>\n","protected":false},"excerpt":{"rendered":"<p>Les balles de Padel Tecnifibre Padel Tour en tube de 3 sont des balles haut de gamme con\u00e7ues pour r\u00e9pondre aux exigences des joueurs les plus exigeants. Leur qualit\u00e9 de fabrication assure une jouabilit\u00e9 optimale et un rebond vif et r\u00e9gulier, ce qui les rend parfaites pour les matchs et comp\u00e9titions de Padel. Les balles [&hellip;]<\/p>\n","protected":false},"featured_media":110215,"comment_status":"open","ping_status":"closed","template":"","meta":[],"product_cat":[88],"product_tag":[],"_links":{"self":[{"href":"https:\/\/www.sport4club.be\/index.php\/wp-json\/wp\/v2\/product\/110214"}],"collection":[{"href":"https:\/\/www.sport4club.be\/index.php\/wp-json\/wp\/v2\/product"}],"about":[{"href":"https:\/\/www.sport4club.be\/index.php\/wp-json\/wp\/v2\/types\/product"}],"replies":[{"embeddable":true,"href":"https:\/\/www.sport4club.be\/index.php\/wp-json\/wp\/v2\/comments?post=110214"}],"wp:featuredmedia":[{"embeddable":true,"href":"https:\/\/www.sport4club.be\/index.php\/wp-json\/wp\/v2\/media\/110215"}],"wp:attachment":[{"href":"https:\/\/www.sport4club.be\/index.php\/wp-json\/wp\/v2\/media?parent=110214"}],"wp:term":[{"taxonomy":"product_cat","embeddable":true,"href":"https:\/\/www.sport4club.be\/index.php\/wp-json\/wp\/v2\/product_cat?post=110214"},{"taxonomy":"product_tag","embeddable":true,"href":"https:\/\/www.sport4club.be\/index.php\/wp-json\/wp\/v2\/product_tag?post=110214"}],"curies":[{"name":"wp","href":"https:\/\/api.w.org\/{rel}","templated":true}]}}