{"id":110188,"date":"2022-12-31T13:08:32","date_gmt":"2022-12-31T12:08:32","guid":{"rendered":"https:\/\/www.sport4club.be\/?post_type=product&#038;p=110188"},"modified":"2026-01-24T14:00:36","modified_gmt":"2026-01-24T13:00:36","slug":"nox-padel-bag-at10-competition-trolley","status":"publish","type":"product","link":"https:\/\/www.sport4club.be\/index.php\/product\/nox-padel-bag-at10-competition-trolley\/","title":{"rendered":"Nox Padel Bag AT10 Competition Trolley"},"content":{"rendered":"<div class=\"not-in-quickbuy\">\n<div class=\"product-description spaced-text-row rte cf\">\n<p><strong>D\u00e9couvrez la nouvelle housse de raquette NOX COMPETITION TROLLEY : votre compagnon id\u00e9al pour les longs voyages.<\/strong><\/p>\n<p>La\u00a0<strong>mallette de padel NOX COMPETITION TROLLEY<\/strong>\u00a0est con\u00e7ue pour faciliter vos d\u00e9placements, en offrant une grande capacit\u00e9 de stockage et un confort de transport. Gr\u00e2ce \u00e0 ses roues robustes et \u00e0 sa poign\u00e9e r\u00e9glable en hauteur, se d\u00e9placer avec tout son mat\u00e9riel n&#8217;a jamais \u00e9t\u00e9 aussi facile.<\/p>\n<h3>Caract\u00e9ristiques de la valise padel COMPETITION TROLLEY :<\/h3>\n<ul>\n<li><strong>Compartiment principal spacieux :<\/strong>\u00a0double fermeture \u00e9clair pour un acc\u00e8s facile, id\u00e9al pour les raquettes de padel, les v\u00eatements et plus encore.<\/li>\n<li><strong>Compartiment thermique :<\/strong>\u00a0Avec la technologie NOX ThermoTech, pouvant contenir jusqu&#8217;\u00e0 3 raquettes de padel, des bouteilles, etc.<\/li>\n<li><strong>Poches lat\u00e9rales :<\/strong>\u00a0r\u00e9parties pour les accessoires, le t\u00e9l\u00e9phone portable, le portefeuille, les cl\u00e9s, etc.<\/li>\n<li><strong>Compartiment ventil\u00e9<\/strong>: parfait pour garder vos chaussures au frais.<\/li>\n<li><strong>Rangement pour lunettes :<\/strong>\u00a0situ\u00e9 sur l&#8217;\u00e9paulette pour une protection accrue.<\/li>\n<li><strong>Sac \u00e0 linge :<\/strong>\u00a0Gardez vos articles propres et organis\u00e9s.<\/li>\n<li><strong>Polyvalence d&#8217;utilisation :<\/strong>\u00a0peut \u00eatre utilis\u00e9 comme sac \u00e0 dos, sac \u00e0 bandouli\u00e8re ou trolley.<\/li>\n<li><strong>Poign\u00e9e ergonomique et base rigide :<\/strong>\u00a0pour plus de confort et de durabilit\u00e9.<\/li>\n<\/ul>\n<h3>Dimensions et capacit\u00e9 :<\/h3>\n<ul>\n<li><strong>Dimensions :<\/strong>\u00a0600 x 300 x 350 mm<\/li>\n<li><strong>Capacit\u00e9 :<\/strong>\u00a060 litres<\/li>\n<\/ul>\n<p>Le <strong>chariot de comp\u00e9tition NOX AT10<\/strong>\u00a0est choisi par le champion Agust\u00edn Tapia pour tous ses transferts, assurant qualit\u00e9 et praticit\u00e9 aux joueurs professionnels et amateurs.<\/p>\n<\/div>\n<\/div>\n<div class=\"lightly-spaced-row not-in-quickbuy\">\n<div class=\"product-info-block with-icon\"><\/div>\n<\/div>\n","protected":false},"excerpt":{"rendered":"<p>D\u00e9couvrez la nouvelle housse de raquette NOX COMPETITION TROLLEY : votre compagnon id\u00e9al pour les longs voyages. La\u00a0mallette de padel NOX COMPETITION TROLLEY\u00a0est con\u00e7ue pour faciliter vos d\u00e9placements, en offrant une grande capacit\u00e9 de stockage et un confort de transport. Gr\u00e2ce \u00e0 ses roues robustes et \u00e0 sa poign\u00e9e r\u00e9glable en hauteur, se d\u00e9placer avec [&hellip;]<\/p>\n","protected":false},"featured_media":114068,"comment_status":"open","ping_status":"closed","template":"","meta":[],"product_cat":[786,89],"product_tag":[],"_links":{"self":[{"href":"https:\/\/www.sport4club.be\/index.php\/wp-json\/wp\/v2\/product\/110188"}],"collection":[{"href":"https:\/\/www.sport4club.be\/index.php\/wp-json\/wp\/v2\/product"}],"about":[{"href":"https:\/\/www.sport4club.be\/index.php\/wp-json\/wp\/v2\/types\/product"}],"replies":[{"embeddable":true,"href":"https:\/\/www.sport4club.be\/index.php\/wp-json\/wp\/v2\/comments?post=110188"}],"wp:featuredmedia":[{"embeddable":true,"href":"https:\/\/www.sport4club.be\/index.php\/wp-json\/wp\/v2\/media\/114068"}],"wp:attachment":[{"href":"https:\/\/www.sport4club.be\/index.php\/wp-json\/wp\/v2\/media?parent=110188"}],"wp:term":[{"taxonomy":"product_cat","embeddable":true,"href":"https:\/\/www.sport4club.be\/index.php\/wp-json\/wp\/v2\/product_cat?post=110188"},{"taxonomy":"product_tag","embeddable":true,"href":"https:\/\/www.sport4club.be\/index.php\/wp-json\/wp\/v2\/product_tag?post=110188"}],"curies":[{"name":"wp","href":"https:\/\/api.w.org\/{rel}","templated":true}]}}