{"id":110183,"date":"2022-12-31T13:01:27","date_gmt":"2022-12-31T12:01:27","guid":{"rendered":"https:\/\/www.sport4club.be\/?post_type=product&#038;p=110183"},"modified":"2026-01-24T14:03:05","modified_gmt":"2026-01-24T13:03:05","slug":"nox-padel-bag-ml10-competition-xl-compact","status":"publish","type":"product","link":"https:\/\/www.sport4club.be\/index.php\/product\/nox-padel-bag-ml10-competition-xl-compact\/","title":{"rendered":"Nox Padel Bag ML10 Competition XL Compact"},"content":{"rendered":"<p>Nous vous pr\u00e9sentons le <strong>nouveau sac de raquette COMPETITION XL COMPACT<\/strong>, fabriqu\u00e9 avec des mat\u00e9riaux de haute qualit\u00e9 et un design compl\u00e8tement renouvel\u00e9, inspir\u00e9 par la raquette ML10 Luxury Bahia 12K<strong>\u00a0en couleur Noir\/Rouge\u00a0<\/strong>.<\/p>\n<div class=\"not-in-quickbuy\">\n<div class=\"product-description spaced-text-row rte cf\">\n<h4>Design et polyvalence du Competition XL Compact<\/h4>\n<p>Le\u00a0<strong>sac de raquette Competition XL Compact<\/strong>\u00a0se distingue par sa grande capacit\u00e9 de rangement, con\u00e7ue pour \u00eatre l&#8217;une des plus polyvalentes du march\u00e9. Il est parfait pour les joueurs qui ont besoin d&#8217;espace suppl\u00e9mentaire sans sacrifier le style ou la fonctionnalit\u00e9.<\/p>\n<p><strong>CARACT\u00c9RISTIQUES :<\/strong><\/p>\n<ul>\n<li>Compartiment principal avec ouverture lat\u00e9rale pouvant contenir 4 raquettes de padel, des v\u00eatements, etc.<\/li>\n<li>Compartiment \u00e0 chaussures ventil\u00e9 \u00e0 l&#8217;int\u00e9rieur du compartiment principal.<\/li>\n<li>Compartiment thermique circulaire (technologie NOX ThermoTech) pour 4 balles ou une bouteille.<\/li>\n<li>Compartiment thermique (technologie NOX ThermoTech) pouvant accueillir 3 raquettes de padel, bouteilles, etc.<\/li>\n<li>Compartiment lat\u00e9ral avec poches distribu\u00e9es pour accessoires, t\u00e9l\u00e9phone portable, portefeuille, cl\u00e9s, etc.<\/li>\n<li>Compartiment lat\u00e9ral avec syst\u00e8me de ventilation.<\/li>\n<li>Sac \u00e0 linge. Pochette au dos.<\/li>\n<li>Fonction sac \u00e0 dos avec possibilit\u00e9 d&#8217;enlever les poign\u00e9es.<\/li>\n<li>Poign\u00e9e principale ergonomique. Base rigide.<\/li>\n<\/ul>\n<p>&nbsp;<\/p>\n<p><strong>Dimensions :\u00a0<\/strong>600 x 300 x 450 mm<\/p>\n<p><strong>Capacit\u00e9<\/strong>: 80 litres<\/p>\n<\/div>\n<\/div>\n<div class=\"lightly-spaced-row not-in-quickbuy\">\n<div class=\"product-info-block with-icon\"><\/div>\n<\/div>\n","protected":false},"excerpt":{"rendered":"<p>Nous vous pr\u00e9sentons le nouveau sac de raquette COMPETITION XL COMPACT, fabriqu\u00e9 avec des mat\u00e9riaux de haute qualit\u00e9 et un design compl\u00e8tement renouvel\u00e9, inspir\u00e9 par la raquette ML10 Luxury Bahia 12K\u00a0en couleur Noir\/Rouge\u00a0. Design et polyvalence du Competition XL Compact Le\u00a0sac de raquette Competition XL Compact\u00a0se distingue par sa grande capacit\u00e9 de rangement, con\u00e7ue pour [&hellip;]<\/p>\n","protected":false},"featured_media":114081,"comment_status":"open","ping_status":"closed","template":"","meta":[],"product_cat":[89],"product_tag":[],"_links":{"self":[{"href":"https:\/\/www.sport4club.be\/index.php\/wp-json\/wp\/v2\/product\/110183"}],"collection":[{"href":"https:\/\/www.sport4club.be\/index.php\/wp-json\/wp\/v2\/product"}],"about":[{"href":"https:\/\/www.sport4club.be\/index.php\/wp-json\/wp\/v2\/types\/product"}],"replies":[{"embeddable":true,"href":"https:\/\/www.sport4club.be\/index.php\/wp-json\/wp\/v2\/comments?post=110183"}],"wp:featuredmedia":[{"embeddable":true,"href":"https:\/\/www.sport4club.be\/index.php\/wp-json\/wp\/v2\/media\/114081"}],"wp:attachment":[{"href":"https:\/\/www.sport4club.be\/index.php\/wp-json\/wp\/v2\/media?parent=110183"}],"wp:term":[{"taxonomy":"product_cat","embeddable":true,"href":"https:\/\/www.sport4club.be\/index.php\/wp-json\/wp\/v2\/product_cat?post=110183"},{"taxonomy":"product_tag","embeddable":true,"href":"https:\/\/www.sport4club.be\/index.php\/wp-json\/wp\/v2\/product_tag?post=110183"}],"curies":[{"name":"wp","href":"https:\/\/api.w.org\/{rel}","templated":true}]}}