{"id":110178,"date":"2022-12-31T12:53:31","date_gmt":"2022-12-31T11:53:31","guid":{"rendered":"https:\/\/www.sport4club.be\/?post_type=product&#038;p=110178"},"modified":"2026-01-27T09:44:32","modified_gmt":"2026-01-27T08:44:32","slug":"nox-padel-bag-at10-competition-xl-compact","status":"publish","type":"product","link":"https:\/\/www.sport4club.be\/index.php\/product\/nox-padel-bag-at10-competition-xl-compact\/","title":{"rendered":"Nox Padel Bag AT10 Competition XL Compact"},"content":{"rendered":"<div class=\"not-in-quickbuy\">\n<div class=\"product-description spaced-text-row rte cf\">\n<p>Nous vous pr\u00e9sentons la\u00a0<strong>nouvelle raquette COMPETITION XL COMPACT 2024<\/strong>, fabriqu\u00e9e avec des mat\u00e9riaux de haute qualit\u00e9 et un design compl\u00e8tement renouvel\u00e9, inspir\u00e9 par les couleurs de la meilleure raquette AT10 Luxury Genius 18K Alum d&#8217;Agustin Tapia\u00a0<strong>en couleur Gris\/Noir.<\/strong><\/p>\n<h4><strong>Design et polyvalence du sac de padel Competition XL Compact 2024<\/strong><\/h4>\n<p>Le mod\u00e8le AT10 a \u00e9t\u00e9 con\u00e7u sp\u00e9cifiquement pour l&#8217;un des joueurs vedettes du Premier Padel : le Mozart de Catamarca, Agust\u00edn Tapia. Le sac de raquette Competition XL Compact est con\u00e7u pour \u00eatre l&#8217;un des sacs de raquette les plus polyvalents du march\u00e9 avec une grande capacit\u00e9 de stockage.<\/p>\n<p><strong>CARACT\u00c9RISTIQUES :<\/strong><\/p>\n<ul>\n<li>Compartiment principal avec ouverture lat\u00e9rale pouvant contenir 4 raquettes de padel, des v\u00eatements, etc.<\/li>\n<li>Compartiment \u00e0 chaussures ventil\u00e9 \u00e0 l&#8217;int\u00e9rieur du compartiment principal.<\/li>\n<li>Compartiment thermique circulaire (technologie NOX ThermoTech) pour 4 balles ou bouteilles.<\/li>\n<li>Compartiment thermique (technologie NOX ThermoTech) d&#8217;une capacit\u00e9 de 3 battes de padel, bouteilles, etc.<\/li>\n<li>Compartiment lat\u00e9ral avec poches r\u00e9parties pour accessoires, t\u00e9l\u00e9phone portable, portefeuille, cl\u00e9s, etc.<\/li>\n<li>Compartiment lat\u00e9ral avec syst\u00e8me de ventilation.<\/li>\n<li>Sac \u00e0 linge. Pochette au dos.<\/li>\n<li>Fonction sac \u00e0 dos avec possibilit\u00e9 d&#8217;enlever les poign\u00e9es.<\/li>\n<li>Poign\u00e9e principale ergonomique. Base rigide.<\/li>\n<\/ul>\n<p><strong>Dimensions :\u00a0<\/strong>600 x 300 x 450 mm<\/p>\n<p><strong>Capacit\u00e9<\/strong>: 80 litres<\/p>\n<\/div>\n<\/div>\n<div class=\"lightly-spaced-row not-in-quickbuy\">\n<div class=\"product-info-block with-icon\"><\/div>\n<\/div>\n","protected":false},"excerpt":{"rendered":"<p>Nous vous pr\u00e9sentons la\u00a0nouvelle raquette COMPETITION XL COMPACT 2024, fabriqu\u00e9e avec des mat\u00e9riaux de haute qualit\u00e9 et un design compl\u00e8tement renouvel\u00e9, inspir\u00e9 par les couleurs de la meilleure raquette AT10 Luxury Genius 18K Alum d&#8217;Agustin Tapia\u00a0en couleur Gris\/Noir. Design et polyvalence du sac de padel Competition XL Compact 2024 Le mod\u00e8le AT10 a \u00e9t\u00e9 con\u00e7u [&hellip;]<\/p>\n","protected":false},"featured_media":114075,"comment_status":"open","ping_status":"closed","template":"","meta":[],"product_cat":[89],"product_tag":[],"_links":{"self":[{"href":"https:\/\/www.sport4club.be\/index.php\/wp-json\/wp\/v2\/product\/110178"}],"collection":[{"href":"https:\/\/www.sport4club.be\/index.php\/wp-json\/wp\/v2\/product"}],"about":[{"href":"https:\/\/www.sport4club.be\/index.php\/wp-json\/wp\/v2\/types\/product"}],"replies":[{"embeddable":true,"href":"https:\/\/www.sport4club.be\/index.php\/wp-json\/wp\/v2\/comments?post=110178"}],"wp:featuredmedia":[{"embeddable":true,"href":"https:\/\/www.sport4club.be\/index.php\/wp-json\/wp\/v2\/media\/114075"}],"wp:attachment":[{"href":"https:\/\/www.sport4club.be\/index.php\/wp-json\/wp\/v2\/media?parent=110178"}],"wp:term":[{"taxonomy":"product_cat","embeddable":true,"href":"https:\/\/www.sport4club.be\/index.php\/wp-json\/wp\/v2\/product_cat?post=110178"},{"taxonomy":"product_tag","embeddable":true,"href":"https:\/\/www.sport4club.be\/index.php\/wp-json\/wp\/v2\/product_tag?post=110178"}],"curies":[{"name":"wp","href":"https:\/\/api.w.org\/{rel}","templated":true}]}}