{"id":11000,"date":"2018-12-14T16:18:14","date_gmt":"2018-12-14T15:18:14","guid":{"rendered":"https:\/\/www.sport4club.be\/?post_type=product&#038;p=11000"},"modified":"2021-04-27T21:12:10","modified_gmt":"2021-04-27T19:12:10","slug":"babolat-core-tee","status":"publish","type":"product","link":"https:\/\/www.sport4club.be\/index.php\/product\/babolat-core-tee\/","title":{"rendered":"Babolat Core Tee"},"content":{"rendered":"<h4 class=\"fs16 none fbold color3\"><em>SIMPLICIT\u00c9 ET LIBERT\u00c9 DE MOUVEMENT POUR CE TEE-SHIRT D&#8217;ENTRA\u00ceNEMENT.<\/em><\/h4>\n<div class=\"grid_12 omega\"><em>Ce tee shirt allie le confort du coton (60%) \u00e0 l&#8217;\u00e9vacuation de la transpiration du polyester (40%), ce qui le rend id\u00e9al pour la pratique du sport en toutes circonstances. <\/em><\/div>\n<div class=\"grid_12 omega\"><em>Gros marquage Babolat dans le dos.<\/em><br \/>\n<em>Existe en adulte et en junior.<\/em><\/div>\n","protected":false},"excerpt":{"rendered":"<p>SIMPLICIT\u00c9 ET LIBERT\u00c9 DE MOUVEMENT POUR CE TEE-SHIRT D&#8217;ENTRA\u00ceNEMENT. Ce tee shirt allie le confort du coton (60%) \u00e0 l&#8217;\u00e9vacuation de la transpiration du polyester (40%), ce qui le rend id\u00e9al pour la pratique du sport en toutes circonstances. Gros marquage Babolat dans le dos. Existe en adulte et en junior.<\/p>\n","protected":false},"featured_media":11001,"comment_status":"open","ping_status":"closed","template":"","meta":[],"product_cat":[481],"product_tag":[],"_links":{"self":[{"href":"https:\/\/www.sport4club.be\/index.php\/wp-json\/wp\/v2\/product\/11000"}],"collection":[{"href":"https:\/\/www.sport4club.be\/index.php\/wp-json\/wp\/v2\/product"}],"about":[{"href":"https:\/\/www.sport4club.be\/index.php\/wp-json\/wp\/v2\/types\/product"}],"replies":[{"embeddable":true,"href":"https:\/\/www.sport4club.be\/index.php\/wp-json\/wp\/v2\/comments?post=11000"}],"wp:featuredmedia":[{"embeddable":true,"href":"https:\/\/www.sport4club.be\/index.php\/wp-json\/wp\/v2\/media\/11001"}],"wp:attachment":[{"href":"https:\/\/www.sport4club.be\/index.php\/wp-json\/wp\/v2\/media?parent=11000"}],"wp:term":[{"taxonomy":"product_cat","embeddable":true,"href":"https:\/\/www.sport4club.be\/index.php\/wp-json\/wp\/v2\/product_cat?post=11000"},{"taxonomy":"product_tag","embeddable":true,"href":"https:\/\/www.sport4club.be\/index.php\/wp-json\/wp\/v2\/product_tag?post=11000"}],"curies":[{"name":"wp","href":"https:\/\/api.w.org\/{rel}","templated":true}]}}