{"id":109978,"date":"2022-11-07T17:31:27","date_gmt":"2022-11-07T16:31:27","guid":{"rendered":"https:\/\/www.sport4club.be\/?post_type=product&#038;p=109978"},"modified":"2025-12-06T11:22:48","modified_gmt":"2025-12-06T10:22:48","slug":"nox-silhouette-2023","status":"publish","type":"product","link":"https:\/\/www.sport4club.be\/index.php\/product\/nox-silhouette-2023\/","title":{"rendered":"Nox SILHOUETTE 2025"},"content":{"rendered":"<h2><strong data-start=\"405\" data-end=\"469\">La raquette id\u00e9ale pour les d\u00e9butants et les joueurs interm\u00e9diaires.<\/strong><\/h2>\n<p data-start=\"472\" data-end=\"643\">La\u00a0<strong data-start=\"475\" data-end=\"495\">X-ONE Silhouette<\/strong>\u00a0est une raquette de padel\u00a0<strong data-start=\"517\" data-end=\"538\">ronde surdimensionn\u00e9e<\/strong>\u00a0con\u00e7ue pour offrir une\u00a0<strong data-start=\"565\" data-end=\"589\">zone de frappe \u00e9tendue<\/strong>\u00a0afin d&#8217;am\u00e9liorer le contr\u00f4le et la pr\u00e9cision de chaque coup.<\/p>\n<h2 data-start=\"645\" data-end=\"713\"><strong data-start=\"649\" data-end=\"711\">Construction optimis\u00e9e pour la performance et la durabilit\u00e9<\/strong><\/h2>\n<p data-start=\"714\" data-end=\"895\">Sa structure associe le\u00a0<strong data-start=\"736\" data-end=\"763\">carbone et la fibre de verre 3K<\/strong>, pour une solidit\u00e9 et un toucher \u00e9quilibr\u00e9, tandis que son\u00a0<strong data-start=\"832\" data-end=\"846\">noyau HR3<\/strong>\u00a0optimise la puissance et le confort dans le jeu.<\/p>\n<h3 data-start=\"897\" data-end=\"947\"><strong data-start=\"902\" data-end=\"945\">Maniabilit\u00e9 et stabilit\u00e9 accrues<\/strong><\/h3>\n<p data-start=\"948\" data-end=\"1039\">Avec un poids de\u00a0<strong data-start=\"963\" data-end=\"978\">350 \u00e0 365 g<\/strong>\u00a0et une \u00e9paisseur de\u00a0<strong data-start=\"994\" data-end=\"1003\">38 mm<\/strong>, il permet une manipulation agile et s\u00fbre.<\/p>\n<h3 data-start=\"1041\" data-end=\"1097\"><strong data-start=\"1046\" data-end=\"1095\">Poign\u00e9e allong\u00e9e pour plus de confort<\/strong><\/h3>\n<p data-start=\"1098\" data-end=\"1175\">Id\u00e9ale pour les coups \u00e0 deux mains, elle assure la stabilit\u00e9 de chaque mouvement.<\/p>\n<h2 data-start=\"1177\" data-end=\"1219\"><strong data-start=\"1181\" data-end=\"1217\">Design attrayant et fonctionnel<\/strong><\/h2>\n<p data-start=\"1220\" data-end=\"1304\">Sa finition brillante lui conf\u00e8re un style sophistiqu\u00e9, sans compromettre les performances.<\/p>\n<p data-start=\"1306\" data-end=\"1375\" data-is-last-node=\"\" data-is-only-node=\"\">D\u00e9couvrez le\u00a0<strong data-start=\"1318\" data-end=\"1338\">X-ONE Silhouette<\/strong>\u00a0et jouez en toute confiance \u00e0 chaque coup.<\/p>\n","protected":false},"excerpt":{"rendered":"<p>La raquette id\u00e9ale pour les d\u00e9butants et les joueurs interm\u00e9diaires. La\u00a0X-ONE Silhouette\u00a0est une raquette de padel\u00a0ronde surdimensionn\u00e9e\u00a0con\u00e7ue pour offrir une\u00a0zone de frappe \u00e9tendue\u00a0afin d&#8217;am\u00e9liorer le contr\u00f4le et la pr\u00e9cision de chaque coup. Construction optimis\u00e9e pour la performance et la durabilit\u00e9 Sa structure associe le\u00a0carbone et la fibre de verre 3K, pour une solidit\u00e9 et un [&hellip;]<\/p>\n","protected":false},"featured_media":114834,"comment_status":"open","ping_status":"closed","template":"","meta":[],"product_cat":[84],"product_tag":[],"_links":{"self":[{"href":"https:\/\/www.sport4club.be\/index.php\/wp-json\/wp\/v2\/product\/109978"}],"collection":[{"href":"https:\/\/www.sport4club.be\/index.php\/wp-json\/wp\/v2\/product"}],"about":[{"href":"https:\/\/www.sport4club.be\/index.php\/wp-json\/wp\/v2\/types\/product"}],"replies":[{"embeddable":true,"href":"https:\/\/www.sport4club.be\/index.php\/wp-json\/wp\/v2\/comments?post=109978"}],"wp:featuredmedia":[{"embeddable":true,"href":"https:\/\/www.sport4club.be\/index.php\/wp-json\/wp\/v2\/media\/114834"}],"wp:attachment":[{"href":"https:\/\/www.sport4club.be\/index.php\/wp-json\/wp\/v2\/media?parent=109978"}],"wp:term":[{"taxonomy":"product_cat","embeddable":true,"href":"https:\/\/www.sport4club.be\/index.php\/wp-json\/wp\/v2\/product_cat?post=109978"},{"taxonomy":"product_tag","embeddable":true,"href":"https:\/\/www.sport4club.be\/index.php\/wp-json\/wp\/v2\/product_tag?post=109978"}],"curies":[{"name":"wp","href":"https:\/\/api.w.org\/{rel}","templated":true}]}}