{"id":109849,"date":"2022-10-22T16:22:55","date_gmt":"2022-10-22T14:22:55","guid":{"rendered":"https:\/\/www.sport4club.be\/?post_type=product&#038;p=109849"},"modified":"2024-03-03T13:59:53","modified_gmt":"2024-03-03T12:59:53","slug":"fila-premium-pro-padel-x3balles","status":"publish","type":"product","link":"https:\/\/www.sport4club.be\/index.php\/product\/fila-premium-pro-padel-x3balles\/","title":{"rendered":"Fila Premium Pro Padel (x3balles)"},"content":{"rendered":"<p><em>Optez pour le style et la performance avec les balles de padel Fila Premium.<\/em><\/p>\n<p><em>Moyennement vives, ces balles Fila offrent beaucoup de contr\u00f4le et de durabilit\u00e9. Elles sont parfaites pour progresser comme pour jouer dans des conditions tr\u00e8s rapides.<\/em><\/p>\n<p><em>Tube de 3 balles pressuris\u00e9es. Feutre durable de haute qualit\u00e9.<\/em><\/p>\n","protected":false},"excerpt":{"rendered":"<p>Optez pour le style et la performance avec les balles de padel Fila Premium. Moyennement vives, ces balles Fila offrent beaucoup de contr\u00f4le et de durabilit\u00e9. Elles sont parfaites pour progresser comme pour jouer dans des conditions tr\u00e8s rapides. Tube de 3 balles pressuris\u00e9es. Feutre durable de haute qualit\u00e9.<\/p>\n","protected":false},"featured_media":109850,"comment_status":"open","ping_status":"closed","template":"","meta":[],"product_cat":[88],"product_tag":[],"_links":{"self":[{"href":"https:\/\/www.sport4club.be\/index.php\/wp-json\/wp\/v2\/product\/109849"}],"collection":[{"href":"https:\/\/www.sport4club.be\/index.php\/wp-json\/wp\/v2\/product"}],"about":[{"href":"https:\/\/www.sport4club.be\/index.php\/wp-json\/wp\/v2\/types\/product"}],"replies":[{"embeddable":true,"href":"https:\/\/www.sport4club.be\/index.php\/wp-json\/wp\/v2\/comments?post=109849"}],"wp:featuredmedia":[{"embeddable":true,"href":"https:\/\/www.sport4club.be\/index.php\/wp-json\/wp\/v2\/media\/109850"}],"wp:attachment":[{"href":"https:\/\/www.sport4club.be\/index.php\/wp-json\/wp\/v2\/media?parent=109849"}],"wp:term":[{"taxonomy":"product_cat","embeddable":true,"href":"https:\/\/www.sport4club.be\/index.php\/wp-json\/wp\/v2\/product_cat?post=109849"},{"taxonomy":"product_tag","embeddable":true,"href":"https:\/\/www.sport4club.be\/index.php\/wp-json\/wp\/v2\/product_tag?post=109849"}],"curies":[{"name":"wp","href":"https:\/\/api.w.org\/{rel}","templated":true}]}}