{"id":109845,"date":"2022-10-22T16:12:57","date_gmt":"2022-10-22T14:12:57","guid":{"rendered":"https:\/\/www.sport4club.be\/?post_type=product&#038;p=109845"},"modified":"2023-07-28T11:11:33","modified_gmt":"2023-07-28T09:11:33","slug":"fila-the-inceptor","status":"publish","type":"product","link":"https:\/\/www.sport4club.be\/index.php\/product\/fila-the-inceptor\/","title":{"rendered":"Fila The Inceptor"},"content":{"rendered":"<p><em>Con\u00e7ue pour offrir une combinaison parfaite entre<strong>\u00a0\u00e9l\u00e9gance et performance<\/strong>, la raquette de padel Fila The Inceptor est id\u00e9ale pour les<strong>\u00a0joueurs d\u00e9butants \u00e0 interm\u00e9diaires.<\/strong>\u00a0Son look retro et sa finition blanc brillant vont s\u00e9duire un grand nombre de joueurs.<\/em><\/p>\n<p><em>En effet, sa\u00a0<strong>forme ronde\u00a0<\/strong>et\u00a0<strong>son tamis oversize<\/strong>\u00a0lui offrent une excellente jouabilit\u00e9 gr\u00e2ce \u00e0 sa\u00a0<strong>grande tol\u00e9rance\u00a0<\/strong>sur les frappes d\u00e9centr\u00e9es. Cela permet \u00e9galement de gagner en contr\u00f4le afin de limiter les fautes et d&#8217;effectuer\u00a0<strong>des coups \u00e0 la pr\u00e9cision redoutable<\/strong>. Son\u00a0<strong>\u00e9quilibre bas<\/strong>\u00a0offre une\u00a0<strong>prise en main facile\u00a0<\/strong>et une bonne maniabilit\u00e9 vous permettant de gagner en r\u00e9activit\u00e9 et en jouabilit\u00e9. Quant \u00e0 son poids de<strong>\u00a0360 &#8211; 380 grammes<\/strong>, il offre plus de stabilit\u00e9 \u00e0 la raquette et\u00a0<strong>plus de vitesse de balle<\/strong>\u00a0afin de r\u00e9aliser des coups puissants.<\/em><\/p>\n<p><em>Cette raquette de padel int\u00e8gre un<strong>\u00a0cadre en carbone<\/strong>\u00a0qui lui offre une meilleure robustesse pour une plus grande durabilit\u00e9. Sa\u00a0<strong>surface en fibre de verre<\/strong>\u00a0procure d&#8217;agr\u00e9ables sensations \u00e0 la frappe. Des petits picots sont \u00e9galement pr\u00e9sents sur la surface afin d&#8217;imprimer\u00a0<strong>plus de rotation \u00e0 vos balles<\/strong>. Enfin, son<strong>\u00a0noyau en mousse Eva Soft<\/strong>\u00a0offre un meilleur rebond \u00e0 la balle afin de gagner en vitesse de balle et confort.<\/em><\/p>\n<p><em>M\u00eame si cette raquette est orient\u00e9e contr\u00f4le, elle dispose d&#8217;une bonne vitesse de balle afin d&#8217;ajouter de la puissance \u00e0 vos frappes pr\u00e9cises.<\/em><\/p>\n<p><em>Nous la conseillons \u00e0 des joueurs d\u00e9butants \u00e0 interm\u00e9diaires qui souhaitent une raquette confortable \u00e0 jouer qui offre du contr\u00f4le sans perdre en puissance.<\/em><\/p>\n<p><em>Livr\u00e9e sans housse<\/em><\/p>\n","protected":false},"excerpt":{"rendered":"<p>Con\u00e7ue pour offrir une combinaison parfaite entre\u00a0\u00e9l\u00e9gance et performance, la raquette de padel Fila The Inceptor est id\u00e9ale pour les\u00a0joueurs d\u00e9butants \u00e0 interm\u00e9diaires.\u00a0Son look retro et sa finition blanc brillant vont s\u00e9duire un grand nombre de joueurs. En effet, sa\u00a0forme ronde\u00a0et\u00a0son tamis oversize\u00a0lui offrent une excellente jouabilit\u00e9 gr\u00e2ce \u00e0 sa\u00a0grande tol\u00e9rance\u00a0sur les frappes d\u00e9centr\u00e9es. Cela [&hellip;]<\/p>\n","protected":false},"featured_media":109846,"comment_status":"open","ping_status":"closed","template":"","meta":[],"product_cat":[786,84],"product_tag":[],"_links":{"self":[{"href":"https:\/\/www.sport4club.be\/index.php\/wp-json\/wp\/v2\/product\/109845"}],"collection":[{"href":"https:\/\/www.sport4club.be\/index.php\/wp-json\/wp\/v2\/product"}],"about":[{"href":"https:\/\/www.sport4club.be\/index.php\/wp-json\/wp\/v2\/types\/product"}],"replies":[{"embeddable":true,"href":"https:\/\/www.sport4club.be\/index.php\/wp-json\/wp\/v2\/comments?post=109845"}],"wp:featuredmedia":[{"embeddable":true,"href":"https:\/\/www.sport4club.be\/index.php\/wp-json\/wp\/v2\/media\/109846"}],"wp:attachment":[{"href":"https:\/\/www.sport4club.be\/index.php\/wp-json\/wp\/v2\/media?parent=109845"}],"wp:term":[{"taxonomy":"product_cat","embeddable":true,"href":"https:\/\/www.sport4club.be\/index.php\/wp-json\/wp\/v2\/product_cat?post=109845"},{"taxonomy":"product_tag","embeddable":true,"href":"https:\/\/www.sport4club.be\/index.php\/wp-json\/wp\/v2\/product_tag?post=109845"}],"curies":[{"name":"wp","href":"https:\/\/api.w.org\/{rel}","templated":true}]}}