{"id":109841,"date":"2022-10-22T16:01:26","date_gmt":"2022-10-22T14:01:26","guid":{"rendered":"https:\/\/www.sport4club.be\/?post_type=product&#038;p=109841"},"modified":"2023-07-28T11:09:18","modified_gmt":"2023-07-28T09:09:18","slug":"fila-the-exordior-blanc","status":"publish","type":"product","link":"https:\/\/www.sport4club.be\/index.php\/product\/fila-the-exordior-blanc\/","title":{"rendered":"Fila The Exordior Blanc"},"content":{"rendered":"<p><em>Con\u00e7ue pour offrir une\u00a0<strong>grande jouabilit\u00e9<\/strong>\u00a0et une prise en main facile, la<strong> raquette de padel Fila The Exordior <\/strong>est parfaite pour les nouveaux joueurs qui jouent occasionnellement. Elle arbore un design \u00e9l\u00e9gant et vintage qui va s\u00e9duire un grand nombre d&#8217;initi\u00e9s.<\/em><\/p>\n<p><em>En effet, son\u00a0<strong>\u00e9quilibre bas<\/strong>\u00a0et son\u00a0<strong>poids moyen<\/strong>\u00a0procurent une grande maniabilit\u00e9 pou<strong>r une prise en main facile\u00a0<\/strong>de la raquette. Quant \u00e0 sa<strong>\u00a0forme ronde<\/strong>, elle permet de mieux contr\u00f4ler la trajectoire de vos balles. Sa forme offre \u00e9galement\u00a0<strong>plus de tol\u00e9rance<\/strong>\u00a0vous permettant de conserver de la pr\u00e9cision et du confort sur les coups d\u00e9centr\u00e9s. Sa zone de frappe est situ\u00e9e au milieu du tamis la rendant plus facile \u00e0 jouer.<\/em><\/p>\n<p><em>La raquette de padel Fila poss\u00e8de une\u00a0<strong>surface en fibre de verre<\/strong>\u00a0qui offre<strong>\u00a0plus de pr\u00e9cision<\/strong>\u00a0\u00e0 vos balles vous permettant de mettre plus facilement en difficult\u00e9 vos adversaires. Son\u00a0<strong>noyau en Eva Soft<\/strong>\u00a0permet \u00e9galement de gagner en contr\u00f4le tout en conservant une\u00a0<strong>bonne vitesse de balle<\/strong>, id\u00e9ale pour d\u00e9fendre efficacement et reprendre le contr\u00f4le du match.<\/em><\/p>\n<p><em>La The Exordior va convenir aux nouveaux joueurs de padel ou aux joueurs occasionnels qui souhaitent une raquette contr\u00f4le et maniable pour prendre plus de plaisir en match.<\/em><\/p>\n<p><em>Livr\u00e9e sans housse<\/em><\/p>\n","protected":false},"excerpt":{"rendered":"<p>Con\u00e7ue pour offrir une\u00a0grande jouabilit\u00e9\u00a0et une prise en main facile, la raquette de padel Fila The Exordior est parfaite pour les nouveaux joueurs qui jouent occasionnellement. Elle arbore un design \u00e9l\u00e9gant et vintage qui va s\u00e9duire un grand nombre d&#8217;initi\u00e9s. En effet, son\u00a0\u00e9quilibre bas\u00a0et son\u00a0poids moyen\u00a0procurent une grande maniabilit\u00e9 pour une prise en main facile\u00a0de [&hellip;]<\/p>\n","protected":false},"featured_media":109842,"comment_status":"open","ping_status":"closed","template":"","meta":[],"product_cat":[786,84],"product_tag":[],"_links":{"self":[{"href":"https:\/\/www.sport4club.be\/index.php\/wp-json\/wp\/v2\/product\/109841"}],"collection":[{"href":"https:\/\/www.sport4club.be\/index.php\/wp-json\/wp\/v2\/product"}],"about":[{"href":"https:\/\/www.sport4club.be\/index.php\/wp-json\/wp\/v2\/types\/product"}],"replies":[{"embeddable":true,"href":"https:\/\/www.sport4club.be\/index.php\/wp-json\/wp\/v2\/comments?post=109841"}],"wp:featuredmedia":[{"embeddable":true,"href":"https:\/\/www.sport4club.be\/index.php\/wp-json\/wp\/v2\/media\/109842"}],"wp:attachment":[{"href":"https:\/\/www.sport4club.be\/index.php\/wp-json\/wp\/v2\/media?parent=109841"}],"wp:term":[{"taxonomy":"product_cat","embeddable":true,"href":"https:\/\/www.sport4club.be\/index.php\/wp-json\/wp\/v2\/product_cat?post=109841"},{"taxonomy":"product_tag","embeddable":true,"href":"https:\/\/www.sport4club.be\/index.php\/wp-json\/wp\/v2\/product_tag?post=109841"}],"curies":[{"name":"wp","href":"https:\/\/api.w.org\/{rel}","templated":true}]}}