{"id":109835,"date":"2022-10-22T15:37:24","date_gmt":"2022-10-22T13:37:24","guid":{"rendered":"https:\/\/www.sport4club.be\/?post_type=product&#038;p=109835"},"modified":"2023-07-28T11:08:26","modified_gmt":"2023-07-28T09:08:26","slug":"fila-the-bellator","status":"publish","type":"product","link":"https:\/\/www.sport4club.be\/index.php\/product\/fila-the-bellator\/","title":{"rendered":"Fila The Bellator"},"content":{"rendered":"<p><em>Alliant \u00e0 la perfection\u00a0<strong>performance\u00a0<\/strong>et\u00a0<strong>style\u00a0<\/strong>gr\u00e2ce \u00e0 son look retro, cette raquette de padel offre un\u00a0<strong>haut niveau de pr\u00e9cision<\/strong>\u00a0et une\u00a0<strong>excellente maniabilit\u00e9<\/strong>\u00a0pour un maximum de jouabilit\u00e9.<\/em><\/p>\n<p><em>En effet, avec\u00a0<strong>sa forme ronde\u00a0<\/strong>et\u00a0<strong>son \u00e9quilibre bas<\/strong>, la raquette Fila The Bellator dispose d&#8217;une grande pr\u00e9cision et d&#8217;une prise en main facile. Sa zone de frappe situ\u00e9e au milieu de la raquette offre un meilleur de contr\u00f4le de la trajectoire de la balle lors des frappes puissantes. De plus, elle offre une\u00a0<strong>grande tol\u00e9rance<\/strong>, ce qui vous permet de conserver du contr\u00f4le et de la puissance sur les balles d\u00e9centr\u00e9es.<\/em><\/p>\n<p><em>Elle dispose d&#8217;un\u00a0<strong>cadre en carbone 12K\u00a0<\/strong>qui procure un toucher remarquable \u00e0 la frappe et am\u00e9liore la robustesse de la raquette de padel Fila. Son cadre coupl\u00e9 \u00e0 s<strong>a mousse semi-rigide\u00a0<\/strong>permet de gagner en pr\u00e9cision, m\u00eame lors des frappes tr\u00e8s puissantes. De plus, elle dispose d&#8217;une surface \u00e0 la finition mate qui int\u00e8gre des petits picots vous\u00a0<strong>favorisant la prise d&#8217;effet\u00a0<\/strong>\u00e0 de vos frappes.<\/em><\/p>\n<p><em>Il s&#8217;agit d&#8217;une\u00a0<strong>raquette de padel orient\u00e9e\u00a0<\/strong>contr\u00f4le qui vous permettra de d\u00e9fendre efficacement, mais aussi de mettre vos adversaires en difficult\u00e9 avec des balles bien plac\u00e9es.<\/em><\/p>\n<p><em>Cette raquette se destine aux joueurs comp\u00e9titeurs qui aiment le jeu en toucher et qui souhaitent gagner en pr\u00e9cision afin de prendre le contr\u00f4le du match facilement.<\/em><\/p>\n<p><em>Livr\u00e9e sans housse<\/em><\/p>\n","protected":false},"excerpt":{"rendered":"<p>Alliant \u00e0 la perfection\u00a0performance\u00a0et\u00a0style\u00a0gr\u00e2ce \u00e0 son look retro, cette raquette de padel offre un\u00a0haut niveau de pr\u00e9cision\u00a0et une\u00a0excellente maniabilit\u00e9\u00a0pour un maximum de jouabilit\u00e9. En effet, avec\u00a0sa forme ronde\u00a0et\u00a0son \u00e9quilibre bas, la raquette Fila The Bellator dispose d&#8217;une grande pr\u00e9cision et d&#8217;une prise en main facile. Sa zone de frappe situ\u00e9e au milieu de la raquette [&hellip;]<\/p>\n","protected":false},"featured_media":109836,"comment_status":"open","ping_status":"closed","template":"","meta":[],"product_cat":[786,84],"product_tag":[],"_links":{"self":[{"href":"https:\/\/www.sport4club.be\/index.php\/wp-json\/wp\/v2\/product\/109835"}],"collection":[{"href":"https:\/\/www.sport4club.be\/index.php\/wp-json\/wp\/v2\/product"}],"about":[{"href":"https:\/\/www.sport4club.be\/index.php\/wp-json\/wp\/v2\/types\/product"}],"replies":[{"embeddable":true,"href":"https:\/\/www.sport4club.be\/index.php\/wp-json\/wp\/v2\/comments?post=109835"}],"wp:featuredmedia":[{"embeddable":true,"href":"https:\/\/www.sport4club.be\/index.php\/wp-json\/wp\/v2\/media\/109836"}],"wp:attachment":[{"href":"https:\/\/www.sport4club.be\/index.php\/wp-json\/wp\/v2\/media?parent=109835"}],"wp:term":[{"taxonomy":"product_cat","embeddable":true,"href":"https:\/\/www.sport4club.be\/index.php\/wp-json\/wp\/v2\/product_cat?post=109835"},{"taxonomy":"product_tag","embeddable":true,"href":"https:\/\/www.sport4club.be\/index.php\/wp-json\/wp\/v2\/product_tag?post=109835"}],"curies":[{"name":"wp","href":"https:\/\/api.w.org\/{rel}","templated":true}]}}